{"id":3941,"date":"2025-10-29T13:53:42","date_gmt":"2025-10-29T12:53:42","guid":{"rendered":"https:\/\/ftc-capital.com\/?page_id=3941"},"modified":"2025-11-04T09:39:44","modified_gmt":"2025-11-04T08:39:44","slug":"werte","status":"publish","type":"page","link":"https:\/\/ftc-capital.com\/en\/werte\/","title":{"rendered":"Werte"},"content":{"rendered":"\n\n\t<h1>Unsere Werte<\/h1>\n<h2>\n\t\t\tWeiter denken als man sehen kann\t<\/h2>\n\t<p>Seit \u00fcber 30 Jahren sind wir im Anlagegesch\u00e4ft. Als Fondsentwickler. Als Asset Manager. Als Wealth Manager. Und immer mit einem Ansatz, der uns von anderen unterscheidet:<\/p>\n<p>Wir sind davon \u00fcberzeugt, dass Verm\u00f6gen Verantwortung bedeutet. Wer Verm\u00f6gen erhalten oder gar vermehren will, darf deshalb nicht davon ausgehen, dass die Zukunft die Fortschreibung der Vergangenheit ist.<\/p>\n<p>Man muss sich dar\u00fcber im klaren sein, dass in der Zukunft Dinge geschehen k\u00f6nnen, die man bis zu ihrem Eintreten kaum f\u00fcr m\u00f6glich gehalten hat. Und genau daf\u00fcr muss man vorbereitet sein.<\/p>\n<p><strong>Wer die Zukunft nicht dem Zufall \u00fcberlassen will, muss weiter denken als man sehen kann.<\/strong><\/p>\n<p>Nat\u00fcrlich k\u00f6nnen Sie \u00fcber das Thema Geld auch anders denken. Aber dann sind wir vielleicht nicht die richtigen Partner f\u00fcr Sie.<\/p>\n<h2>\n\t\t\tUnser Selbstverst\u00e4ndnis\t<\/h2>\n\t\t<h3>Verantwortung<\/h3><p>Verantwortung bedeutet, aktiv zu werden. Es hei\u00dft deshalb auch \u201eVerantwortung \u00fcbernehmen&#8221;: Wir nehmen die finanzielle Zukunft unserer Kunden bewusst und aktiv in unsere Hand.<\/p>\n<p>Das hei\u00dft: Wir sind keine Opfer der Umst\u00e4nde, sondern Akteure, welche die Zukunft nicht dem Zufall \u00fcberlassen.<\/p>\n\t\t<h3>Au\u00dfergew\u00f6hnlich<\/h3><p>Gut sein reicht nicht. Alle sind gut. Wir streben Exzellenz an.<\/p>\n<p>Wir verbinden Intelligenz, Kompetenz und Erfahrung, um herausragende (excellere = lat. herausragen) L\u00f6sungen zu entwickeln, die unsere Kunden weiter voranbringen als andere.<\/p>\n\t\t<h3>Integrit\u00e4t<\/h3><p>Wir handeln transparent, ehrlich und integer &#8211; gegen\u00fcber unseren Investoren, Partnern und innerhalb unseres Teams. Wir stehen zu unserem Wort. Wir arbeiten hart &#8211; manchmal auch mit unkonventionellen Mitteln. Immer mit dem Ziel, das Beste f\u00fcr unsere Anleger zu erreichen.<\/p>\n\t\t<h3>Gewinnen<\/h3><p>Alles, was wir tun, hat ein Ziel: Wir m\u00f6chten f\u00fcr unsere Investoren gewinnen. Uns gegen\u00fcber Mitberwerbern durchsetzen, Performance abliefern, kontinuierlich \u00fcberzeugende Ergebnisse liefern.<\/p>\n\n","protected":false},"excerpt":{"rendered":"<p>Unsere Werte Weiter denken als man sehen kann Seit \u00fcber 30 Jahren sind wir im Anlagegesch\u00e4ft. Als Fondsentwickler. Als Asset Manager. Als Wealth Manager. Und immer mit einem Ansatz, der uns von anderen unterscheidet: Wir sind davon \u00fcberzeugt, dass Verm\u00f6gen Verantwortung bedeutet. Wer Verm\u00f6gen erhalten oder gar vermehren will, darf deshalb nicht davon ausgehen, dass&hellip;<\/p>\n","protected":false},"author":11,"featured_media":3837,"parent":0,"menu_order":1,"comment_status":"closed","ping_status":"closed","template":"","meta":{"inline_featured_image":false,"footnotes":""},"class_list":["post-3941","page","type-page","status-publish","has-post-thumbnail","hentry"],"_links":{"self":[{"href":"https:\/\/ftc-capital.com\/en\/wp-json\/wp\/v2\/pages\/3941","targetHints":{"allow":["GET"]}}],"collection":[{"href":"https:\/\/ftc-capital.com\/en\/wp-json\/wp\/v2\/pages"}],"about":[{"href":"https:\/\/ftc-capital.com\/en\/wp-json\/wp\/v2\/types\/page"}],"author":[{"embeddable":true,"href":"https:\/\/ftc-capital.com\/en\/wp-json\/wp\/v2\/users\/11"}],"replies":[{"embeddable":true,"href":"https:\/\/ftc-capital.com\/en\/wp-json\/wp\/v2\/comments?post=3941"}],"version-history":[{"count":12,"href":"https:\/\/ftc-capital.com\/en\/wp-json\/wp\/v2\/pages\/3941\/revisions"}],"predecessor-version":[{"id":4194,"href":"https:\/\/ftc-capital.com\/en\/wp-json\/wp\/v2\/pages\/3941\/revisions\/4194"}],"wp:featuredmedia":[{"embeddable":true,"href":"https:\/\/ftc-capital.com\/en\/wp-json\/wp\/v2\/media\/3837"}],"wp:attachment":[{"href":"https:\/\/ftc-capital.com\/en\/wp-json\/wp\/v2\/media?parent=3941"}],"curies":[{"name":"wp","href":"https:\/\/api.w.org\/{rel}","templated":true}]}}