{"id":3382,"date":"2025-08-04T15:23:57","date_gmt":"2025-08-04T13:23:57","guid":{"rendered":"https:\/\/ftc-capital.com\/?page_id=3382"},"modified":"2025-11-14T09:39:27","modified_gmt":"2025-11-14T08:39:27","slug":"diversifikations-strategie","status":"publish","type":"page","link":"https:\/\/ftc-capital.com\/en\/wealth-management\/diversifikations-strategie\/","title":{"rendered":"FTC Diversifikations-Strategie"},"content":{"rendered":"\n<h1>\n\t\t\tFTC Diversi\u00adfikations-<br \/>Strategie\t<\/h1>\n<h2>\n\t\t\tBestehende Portfolios krisenfester machen\t<\/h2>\n\t<p>Die meisten Portfolios enthalten haupts\u00e4chlich Aktien und Anleihen &#8211; je nach Risikoneigung in unterschiedlicher Gewichtung. Erg\u00e4nzt werden diese Standard-Portfolios oft durch kleine Anteile von Rohstoffen oder Gold.<\/p>\n<p>Diese Mischung klingt solide, beinhaltet aber ein systemisches Risiko: mangelnde Diversifikation.<\/p>\n<p>Die Diversifikations-Strategie von FTC \u00a0wendet sich an Anleger, die bereits \u00fcber ein gut strukturiertes Portfolio verf\u00fcgen und es noch besser gegen das Unerwartete absichern m\u00f6chten.<\/p>\n\t\t\t\t\t<h2 id=\"fl-accordion--label-0\" tabindex=\"0\" aria-controls=\"fl-accordion--panel-0\">Das Problem:<br \/>Die &#8220;traditionelle&#8221; Diversifikation reicht nicht mehr aus<\/h2>\n\t\t\t\t\t\t\t\t\t\t\t<a href=\"#\" id=\"fl-accordion--icon-0\"  tabindex=\"0\"><i title=\"Collapse\">Collapse<\/i><\/a>\n\t\t\t\t\t<p>Lange Zeit galt: Wenn Aktien fallen, steigen Anleihen &#8211; und umgekehrt. Doch diese historische Wechselwirkung hat sich in den letzten Jahren aufgel\u00f6st. Phasen gleichzeitiger Kursverluste nehmen zu. Die Konsequenz: Wer heute auf das klassische 60\/40-Portfolio setzt, hat in fallenden M\u00e4rkten kein zus\u00e4tzliches Sicherungsseil, sondern ein doppeltes Risiko im Depot.<\/p>\n<p>Die aktuelle Synchronisierung der beiden Anlageklassen ist kein Zufall. Sie entsteht u.\u202fa. durch geldpolitische Eingriffe, strukturelle Verschuldung und geopolitische Schocks. Wenn Zentralbanken gegen Inflation k\u00e4mpfen und gleichzeitig die Konjunktur schw\u00e4chelt, verlieren Anleihen die Schutzfunktion gegen fallende Aktien. Selbst institutionelle Anleger stehen vor der Frage: Wie l\u00e4sst sich ein Portfolio unter diesen Umst\u00e4nden k\u00fcnftig stabilisieren?<\/p>\n\t\t\t\t\t<h2 id=\"fl-accordion--label-0\" tabindex=\"0\" aria-controls=\"fl-accordion--panel-0\">Besser diversifizieren mit Managed Futures und Volatilit\u00e4tsstrategien<\/h2>\n\t\t\t\t\t\t\t\t\t\t\t<a href=\"#\" id=\"fl-accordion--icon-0\"  tabindex=\"0\"><i title=\"Collapse\">Collapse<\/i><\/a>\n\t\t\t\t\t<p>Eine Mischung aus Managed Futures und Volatilit\u00e4tsstrategien kann sowohl bei langfristigen Schw\u00e4chephasen als auch in Crash-Szenarien wirksamen Verm\u00f6gensschutz f\u00fcr das Gesamtportfolio bieten.<\/p>\n<p><strong>Managed Futures<\/strong><\/p>\n<p>Managed Futures sind Anlagestrategien, die Trends an den M\u00e4rkten folgen. Sie k\u00f6nnen sowohl bei steigenden als auch fallenden Kursen Gewinne erzielen. Der gro\u00dfe Vorteil: Managed Futures entwickeln sich unabh\u00e4ngig von Aktien und Anleihen und sind daher ein wirksames Mittel zur Risikostreuung. L\u00e4uft ein Markt stabil nach oben, bleiben sie auf der K\u00e4ufer-Seite; kippt die Stimmung und es bildet sich ein gegenl\u00e4ufiger Trend, nehmen sie Short-Positionen ein. Besonders in solchen Abschw\u00fcngen zeigten Managed Futures bisher besondere St\u00e4rke. Damit sind sie ein wertvoller Baustein f\u00fcr jedes moderne Portfolio, auch wenn sie tempor\u00e4r &#8211; insbesondere in volatilen Seitw\u00e4rtsphasen &#8211; Schw\u00e4che zeigen k\u00f6nnen.<\/p>\n<p><strong>Volatilit\u00e4tsstrategien<\/strong><\/p>\n<p>Volatilit\u00e4tsstrategien nutzen die Schwankungsintensit\u00e4t der M\u00e4rkte &#8211; die Volatilit\u00e4t &#8211; als eigene Renditequelle. Typischerweise steigen die Schwankungen in Krisenzeiten stark an. Genau dann entfalten Volatilit\u00e4tsstrategien ihren Schutzcharakter: Sie profitieren von der Zunahme der Unsicherheit und k\u00f6nnen Verluste in anderen Anlageklassen ausgleichen. Ans\u00e4tze reichen von Long-Volatilit\u00e4ts-Strategien \u00fcber Relative-Value bis zu gezielten Crash-Hedges. So wirken sie wie eine Versicherung: In ruhigen Zeiten kosten sie etwas Rendite, in Stressphasen liefern sie \u00fcberproportionalen Schutz.<\/p>\n\t\t\t\t\t<h2 id=\"fl-accordion--label-0\" tabindex=\"0\" aria-controls=\"fl-accordion--panel-0\">Die FTC Diversifikations-Strategie:<br \/>Die besten Tools in einem Depot<\/h2>\n\t\t\t\t\t\t\t\t\t\t\t<a href=\"#\" id=\"fl-accordion--icon-0\"  tabindex=\"0\"><i title=\"Collapse\">Collapse<\/i><\/a>\n\t\t\t\t\t<p>Die Diversifikations-Strategie kombiniert zwei starke S\u00e4ulen: den <a href=\"https:\/\/ftc-capital.com\/gm-fonds-uebersicht\/gm-fonds-systematic-global-trend\/\">FTC Systematic Global Trend<\/a> und ausgew\u00e4hlte Volatilit\u00e4tsstrategien.<\/p>\n<p>Der FTC Systematic Global Trend ist ein von FTC gemanagter Dachfonds, der in international rennomierte, trendfolgende Managed Futures Fonds investiert. Damit b\u00fcndelt er Erfahrung und St\u00e4rke der f\u00fchrenden Anbieter dieser bew\u00e4hrten Strategie.<\/p>\n<p>Er kann in klaren Auf- wie Abw\u00e4rtstrends systematisch Chancen nutzen und so Stabilit\u00e4t ins Depot bringen.<\/p>\n<p>Erg\u00e4nzt wird dieser Kern durch ein Portfolio unterschiedlicher Volatilit\u00e4tsstrategien. Sie nutzen Marktschwankungen als Ertragsquelle oder Absicherung &#8211; profitieren also, wenn Volatilit\u00e4t in Krisenphasen stark ansteigt und greifen mit anderen Ans\u00e4tzen in ruhigeren Marktphasen. Da keine einzelne Strategie \u00fcberall gleich stark ist, erh\u00f6ht die Vielfalt den Schutz und er\u00f6ffnet zus\u00e4tzliche Renditechancen.<\/p>\n\t\t\t\t\t<h2 id=\"fl-accordion--label-0\" tabindex=\"0\" aria-controls=\"fl-accordion--panel-0\">F\u00fcr alle, die mehr Schutz brauchen<\/h2>\n\t\t\t\t\t\t\t\t\t\t\t<a href=\"#\" id=\"fl-accordion--icon-0\"  tabindex=\"0\"><i title=\"Collapse\">Collapse<\/i><\/a>\n\t\t\t\t\t<p>Die FTC Diversifikations-Strategie ist eine Erg\u00e4nzung zu bestehenden, klassischen Depots.<\/p>\n<p>Sie eignet sich f\u00fcr Anleger, die prinzipiell mit ihrem Depot zufrieden sind, aber zus\u00e4tzlichen Schutz w\u00fcnschen und insbesondere f\u00fcr Privatanleger, die ihr Depot mit Anlageklassen absichern wollen, die normalerweise institutionellen Anlegern vorbehalten sind.<\/p>\n<h2>\n\t\t\tDiversifizieren wie die Profis. Sind Sie dabei?\t<\/h2>\n\t<p>Sch\u00fctzen Sie Ihr Depot vor langfristigen Negativ-Entwicklungen und Crash-Szenarien.<\/p>\n<p><strong>Jetzt strategisch diversifizieren und gelassener investieren.<\/strong><\/p>\n\t\t\t\t\t<a href=\"#\"  id=\"fl-accordion--label-0\" tabindex=\"0\" aria-controls=\"fl-accordion--panel-0\">Die Diversifikations-Strategie starten<\/a>\n\t\t\t\t\t\t\t\t\t\t\t<a href=\"#\" id=\"fl-accordion--icon-0\"  tabindex=\"0\"><i title=\"Expand\">Expand<\/i><\/a>\n\t\t\t\t\t<style id=\"wpforms-css-vars-3178\">\n\t\t\t\t#wpforms-3178 {\n\t\t\t\t--wpforms-field-background-color: #f7f7f7;\n--wpforms-field-border-color: rgba(0, 0, 0, 0.25);\n--wpforms-field-border-color-spare: rgba(0, 0, 0, 0.25);\n--wpforms-field-text-color: #000000;\n--wpforms-label-color: #ffffff;\n--wpforms-label-sublabel-color: #ffffff;\n--wpforms-label-error-color: #e6b8b8;\n--wpforms-container-padding: 10px;\n--wpforms-background-color: #0038b8;\n--wpforms-field-size-input-height: 43px;\n--wpforms-field-size-input-spacing: 15px;\n--wpforms-field-size-font-size: 16px;\n--wpforms-field-size-line-height: 19px;\n--wpforms-field-size-padding-h: 14px;\n--wpforms-field-size-checkbox-size: 16px;\n--wpforms-field-size-sublabel-spacing: 5px;\n--wpforms-field-size-icon-size: 1;\n--wpforms-label-size-font-size: 16px;\n--wpforms-label-size-line-height: 19px;\n--wpforms-label-size-sublabel-font-size: 14px;\n--wpforms-label-size-sublabel-line-height: 17px;\n--wpforms-button-size-font-size: 17px;\n--wpforms-button-size-height: 41px;\n--wpforms-button-size-padding-h: 15px;\n--wpforms-button-size-margin-top: 10px;\n--wpforms-container-shadow-size-box-shadow: none;\n\t\t\t}\n\t\t\t<\/style><div class=\"wpforms-container wpforms-container-full gm-form wpforms-render-modern\" id=\"wpforms-3178\"><form id=\"wpforms-form-3178\" class=\"wpforms-validate wpforms-form\" data-formid=\"3178\" method=\"post\" enctype=\"multipart\/form-data\" action=\"\/en\/wp-json\/wp\/v2\/pages\/3382\" data-token=\"d6889a5980273d1ba3b1d400819d7d29\" data-token-time=\"1777305878\"><noscript class=\"wpforms-error-noscript\">Please enable JavaScript in your browser to complete this form.<\/noscript><div id=\"wpforms-error-noscript\" style=\"display: none;\">Please enable JavaScript in your browser to complete this form.<\/div><div class=\"wpforms-field-container\"><div id=\"wpforms-3178-field_7-container\" class=\"wpforms-field wpforms-field-radio wpforms-list-inline\" data-field-id=\"7\"><fieldset><legend class=\"wpforms-field-label\">Jetzt R\u00fcckmeldung anfordern<\/legend><ul id=\"wpforms-3178-field_7\"><li class=\"choice-1 depth-1\"><input type=\"radio\" id=\"wpforms-3178-field_7_1\" name=\"wpforms[fields][7]\" value=\"Rufen Sie mich zur\u00fcck\" aria-errormessage=\"wpforms-3178-field_7_1-error\"  ><label class=\"wpforms-field-label-inline\" for=\"wpforms-3178-field_7_1\">Rufen Sie mich zur\u00fcck<\/label><\/li><li class=\"choice-2 depth-1\"><input type=\"radio\" id=\"wpforms-3178-field_7_2\" name=\"wpforms[fields][7]\" value=\"Senden Sie mir Infos per E-Mail\" aria-errormessage=\"wpforms-3178-field_7_2-error\"  ><label class=\"wpforms-field-label-inline\" for=\"wpforms-3178-field_7_2\">Senden Sie mir Infos per E-Mail<\/label><\/li><\/ul><\/fieldset><\/div><div id=\"wpforms-3178-field_10-container\" class=\"wpforms-field wpforms-field-checkbox wpforms-list-inline\" data-field-id=\"10\"><fieldset><legend class=\"wpforms-field-label\">Ich interessiere mich f\u00fcr\u2026<\/legend><ul id=\"wpforms-3178-field_10\" class=\"wpforms-randomize\"><li class=\"choice-1 depth-1\"><input type=\"checkbox\" id=\"wpforms-3178-field_10_1\" name=\"wpforms[fields][10][]\" value=\"FTC Generation Fund\" aria-errormessage=\"wpforms-3178-field_10_1-error\"  ><label class=\"wpforms-field-label-inline\" for=\"wpforms-3178-field_10_1\">FTC Generation Fund<\/label><\/li><li class=\"choice-2 depth-1\"><input type=\"checkbox\" id=\"wpforms-3178-field_10_2\" name=\"wpforms[fields][10][]\" value=\"FTC Systematic Global Trend\" aria-errormessage=\"wpforms-3178-field_10_2-error\"  ><label class=\"wpforms-field-label-inline\" for=\"wpforms-3178-field_10_2\">FTC Systematic Global Trend<\/label><\/li><li class=\"choice-4 depth-1\"><input type=\"checkbox\" id=\"wpforms-3178-field_10_4\" name=\"wpforms[fields][10][]\" value=\"FTC Futures Fund Classic\" aria-errormessage=\"wpforms-3178-field_10_4-error\"  ><label class=\"wpforms-field-label-inline\" for=\"wpforms-3178-field_10_4\">FTC Futures Fund Classic<\/label><\/li><li class=\"choice-6 depth-1\"><input type=\"checkbox\" id=\"wpforms-3178-field_10_6\" name=\"wpforms[fields][10][]\" value=\"FTC Gideon I\" aria-errormessage=\"wpforms-3178-field_10_6-error\"  ><label class=\"wpforms-field-label-inline\" for=\"wpforms-3178-field_10_6\">FTC Gideon I<\/label><\/li><li class=\"choice-7 depth-1\"><input type=\"checkbox\" id=\"wpforms-3178-field_10_7\" name=\"wpforms[fields][10][]\" value=\"Individuelle Verm\u00f6gensverwaltung\" aria-errormessage=\"wpforms-3178-field_10_7-error\"  ><label class=\"wpforms-field-label-inline\" for=\"wpforms-3178-field_10_7\">Individuelle Verm\u00f6gensverwaltung<\/label><\/li><\/ul><\/fieldset><\/div><div id=\"wpforms-3178-field_0-container\" class=\"wpforms-field wpforms-field-name\" data-field-id=\"0\"><fieldset><legend class=\"wpforms-field-label\">Name <span class=\"wpforms-required-label\" aria-hidden=\"true\">*<\/span><\/legend><div class=\"wpforms-field-row wpforms-field-large\"><div class=\"wpforms-field-row-block wpforms-first wpforms-one-half\"><input type=\"text\" id=\"wpforms-3178-field_0\" class=\"wpforms-field-name-first wpforms-field-required\" name=\"wpforms[fields][0][first]\" aria-errormessage=\"wpforms-3178-field_0-error\" required><label for=\"wpforms-3178-field_0\" class=\"wpforms-field-sublabel after\">First<\/label><\/div><div class=\"wpforms-field-row-block wpforms-one-half\"><input type=\"text\" id=\"wpforms-3178-field_0-last\" class=\"wpforms-field-name-last wpforms-field-required\" name=\"wpforms[fields][0][last]\" aria-errormessage=\"wpforms-3178-field_0-last-error\" required><label for=\"wpforms-3178-field_0-last\" class=\"wpforms-field-sublabel after\">Last<\/label><\/div><\/div><\/fieldset><\/div><div id=\"wpforms-3178-field_11-container\" class=\"wpforms-field wpforms-field-phone\" data-field-id=\"11\"><label class=\"wpforms-field-label\" for=\"wpforms-3178-field_11\">Telefonnummer<\/label><input type=\"tel\" id=\"wpforms-3178-field_11\" class=\"wpforms-field-large\" data-rule-int-phone-field=\"true\" name=\"wpforms[fields][11]\" aria-label=\"Telefonnummer\" aria-errormessage=\"wpforms-3178-field_11-error\" ><\/div><div id=\"wpforms-3178-field_1-container\" class=\"wpforms-field wpforms-field-email\" data-field-id=\"1\"><label class=\"wpforms-field-label\" for=\"wpforms-3178-field_1\">E-Mail <span class=\"wpforms-required-label\" aria-hidden=\"true\">*<\/span><\/label><input type=\"email\" id=\"wpforms-3178-field_1\" class=\"wpforms-field-large wpforms-field-required\" name=\"wpforms[fields][1]\" spellcheck=\"false\" aria-errormessage=\"wpforms-3178-field_1-error\" required><\/div>\t\t<div id=\"wpforms-3178-field_4-container\"\n\t\t\tclass=\"wpforms-field wpforms-field-text\"\n\t\t\tdata-field-type=\"text\"\n\t\t\tdata-field-id=\"4\"\n\t\t\t>\n\t\t\t<label class=\"wpforms-field-label\" for=\"wpforms-3178-field_4\" >Name Telefonnummer Nachricht<\/label>\n\t\t\t<input type=\"text\" id=\"wpforms-3178-field_4\" class=\"wpforms-field-medium\" name=\"wpforms[fields][4]\" >\n\t\t<\/div>\n\t\t<div id=\"wpforms-3178-field_2-container\" class=\"wpforms-field wpforms-field-textarea\" data-field-id=\"2\"><label class=\"wpforms-field-label\" for=\"wpforms-3178-field_2\">Nachricht<\/label><textarea id=\"wpforms-3178-field_2\" class=\"wpforms-field-medium\" name=\"wpforms[fields][2]\" aria-errormessage=\"wpforms-3178-field_2-error\" ><\/textarea><\/div><div id=\"wpforms-3178-field_3-container\" class=\"wpforms-field wpforms-field-checkbox\" data-field-id=\"3\"><fieldset><legend class=\"wpforms-field-label\">Datenschutz <span class=\"wpforms-required-label\" aria-hidden=\"true\">*<\/span><\/legend><ul id=\"wpforms-3178-field_3\" class=\"wpforms-field-required\"><li class=\"choice-1 depth-1\"><input type=\"checkbox\" id=\"wpforms-3178-field_3_1\" name=\"wpforms[fields][3][]\" value=\"Ich erteile meine Zustimmung zu der unten genannten Datenverwendung.\" aria-errormessage=\"wpforms-3178-field_3_1-error\" aria-describedby=\"wpforms-3178-field_3-description\" required ><label class=\"wpforms-field-label-inline\" for=\"wpforms-3178-field_3_1\">Ich erteile meine Zustimmung zu der unten genannten Datenverwendung.<\/label><\/li><\/ul><div id=\"wpforms-3178-field_3-description\" class=\"wpforms-field-description\">Ich erteile meine Zustimmung daf\u00fcr, dass Sie mich mit aktuellen Informationen \u00fcber Ihre Produkte und Dienstleistungen per E-Mail an die von mir angegebene E-Mail Adresse und, falls im Formular angegeben, telefonisch versorgen d\u00fcrfen. Ich kann meine Einwilligung jederzeit und ohne Angabe von Gr\u00fcnden per E-Mail an office@ftc.at widerrufen. <\/div><\/fieldset><\/div><script>\n\t\t\t\t( function() {\n\t\t\t\t\tconst style = document.createElement( 'style' );\n\t\t\t\t\tstyle.appendChild( document.createTextNode( '#wpforms-3178-field_4-container { position: absolute !important; overflow: hidden !important; display: inline !important; height: 1px !important; width: 1px !important; z-index: -1000 !important; padding: 0 !important; } #wpforms-3178-field_4-container input { visibility: hidden; } #wpforms-conversational-form-page #wpforms-3178-field_4-container label { counter-increment: none; }' ) );\n\t\t\t\t\tdocument.head.appendChild( style );\n\t\t\t\t\tdocument.currentScript?.remove();\n\t\t\t\t} )();\n\t\t\t<\/script><\/div><!-- .wpforms-field-container --><div class=\"wpforms-recaptcha-container wpforms-is-recaptcha wpforms-is-recaptcha-type-v2\" ><div class=\"g-recaptcha\" data-sitekey=\"6LcjAwYbAAAAAGa5Yhh3ZyiUQmlMbWVyZNPyfVHU\"><\/div><input type=\"text\" name=\"g-recaptcha-hidden\" class=\"wpforms-recaptcha-hidden\" style=\"position:absolute!important;clip:rect(0,0,0,0)!important;height:1px!important;width:1px!important;border:0!important;overflow:hidden!important;padding:0!important;margin:0!important;\" data-rule-recaptcha=\"1\"><\/div><div class=\"wpforms-submit-container\" ><input type=\"hidden\" name=\"wpforms[id]\" value=\"3178\"><input type=\"hidden\" name=\"page_title\" value=\"\"><input type=\"hidden\" name=\"page_url\" value=\"https:\/\/ftc-capital.com\/en\/wp-json\/wp\/v2\/pages\/3382\"><input type=\"hidden\" name=\"url_referer\" value=\"\"><button type=\"submit\" name=\"wpforms[submit]\" id=\"wpforms-submit-3178\" class=\"wpforms-submit gm-form-btn\" data-alt-text=\"Senden...\" data-submit-text=\"Absenden\" aria-live=\"assertive\" value=\"wpforms-submit\">Absenden<\/button><\/div><\/form><\/div>  <!-- .wpforms-container -->\n\n","protected":false},"excerpt":{"rendered":"<p>FTC Diversi\u00adfikations-Strategie Bestehende Portfolios krisenfester machen Die meisten Portfolios enthalten haupts\u00e4chlich Aktien und Anleihen &#8211; je nach Risikoneigung in unterschiedlicher Gewichtung. Erg\u00e4nzt werden diese Standard-Portfolios oft durch kleine Anteile von Rohstoffen oder Gold. Diese Mischung klingt solide, beinhaltet aber ein systemisches Risiko: mangelnde Diversifikation. Die Diversifikations-Strategie von FTC \u00a0wendet sich an Anleger, die bereits \u00fcber&hellip;<\/p>\n","protected":false},"author":10,"featured_media":0,"parent":995,"menu_order":0,"comment_status":"closed","ping_status":"closed","template":"","meta":{"inline_featured_image":false,"footnotes":""},"class_list":["post-3382","page","type-page","status-publish","hentry"],"_links":{"self":[{"href":"https:\/\/ftc-capital.com\/en\/wp-json\/wp\/v2\/pages\/3382","targetHints":{"allow":["GET"]}}],"collection":[{"href":"https:\/\/ftc-capital.com\/en\/wp-json\/wp\/v2\/pages"}],"about":[{"href":"https:\/\/ftc-capital.com\/en\/wp-json\/wp\/v2\/types\/page"}],"author":[{"embeddable":true,"href":"https:\/\/ftc-capital.com\/en\/wp-json\/wp\/v2\/users\/10"}],"replies":[{"embeddable":true,"href":"https:\/\/ftc-capital.com\/en\/wp-json\/wp\/v2\/comments?post=3382"}],"version-history":[{"count":26,"href":"https:\/\/ftc-capital.com\/en\/wp-json\/wp\/v2\/pages\/3382\/revisions"}],"predecessor-version":[{"id":4232,"href":"https:\/\/ftc-capital.com\/en\/wp-json\/wp\/v2\/pages\/3382\/revisions\/4232"}],"up":[{"embeddable":true,"href":"https:\/\/ftc-capital.com\/en\/wp-json\/wp\/v2\/pages\/995"}],"wp:attachment":[{"href":"https:\/\/ftc-capital.com\/en\/wp-json\/wp\/v2\/media?parent=3382"}],"curies":[{"name":"wp","href":"https:\/\/api.w.org\/{rel}","templated":true}]}}