{"id":3378,"date":"2025-08-04T15:13:22","date_gmt":"2025-08-04T13:13:22","guid":{"rendered":"https:\/\/ftc-capital.com\/?page_id=3378"},"modified":"2025-11-14T09:36:49","modified_gmt":"2025-11-14T08:36:49","slug":"moonshot-strategie","status":"publish","type":"page","link":"https:\/\/ftc-capital.com\/en\/wealth-management\/moonshot-strategie\/","title":{"rendered":"FTC Moonshot-Strategie"},"content":{"rendered":"\n<h1>\n\t\t\tFTC Moonshot-Strategie\t<\/h1>\n<h2>\n\t\t\tAu\u00dfergew\u00f6hnliche Chancen realisieren\t<\/h2>\n\t<p>Manche Chancen sind spektakul\u00e4r: Einzelwerte, Krypto oder Trades mit Potenzial f\u00fcr 30\u202f% und mehr. Gibt es eine verantwortungsvolle Art, davon zu profitieren?<\/p>\n<p>Die Moonshot-Strategie von FTC nutzt solche Gelegenheiten gezielt &#8211; indem bewusst asymmetrische Risken eingegangen werden. Ein Highlight f\u00fcr den Teil des Verm\u00f6gens, der mehr darf &#8211; und mehr soll &#8211; als nur sichern oder wachsen.<\/p>\n\t\t\t\t\t<h2 id=\"fl-accordion--label-0\" tabindex=\"0\" aria-controls=\"fl-accordion--panel-0\">Kl\u00fcger riskieren. Mehr gewinnen.<\/h2>\n\t\t\t\t\t\t\t\t\t\t\t<a href=\"#\" id=\"fl-accordion--icon-0\"  tabindex=\"0\"><i title=\"Collapse\">Collapse<\/i><\/a>\n\t\t\t\t\t<p>Asymetrische Risiken nutzen ein einfaches Prinzip: begrenzter Einsatz, \u00fcberproportionales Potenzial. Das hei\u00dft nicht, dass blindlings hohe Risiken eingegangen werden. Ganz im Gegenteil: Man investiert nur in jenen F\u00e4llen, wo ein Investment im Erfolgsfall einen h\u00f6heren Profit verspricht, als man verliert, wenn sich der Erfolg nicht einstellt.<\/p>\n<p>Die Moonshot-Strategie identifiziert solche Situationen: Geopolitische Wendepunkte, technologische Umbr\u00fcche, makro\u00f6konomische Fehlbewertungen. Wenn die Zahlen stimmen, wird taktisch investiert. Mit klaren Grenzen f\u00fcr den Ein- und Ausstieg.<\/p>\n\t\t\t\t\t<h2 id=\"fl-accordion--label-0\" tabindex=\"0\" aria-controls=\"fl-accordion--panel-0\">Davon h\u00e4tten Sie profitieren k\u00f6nnen<\/h2>\n\t\t\t\t\t\t\t\t\t\t\t<a href=\"#\" id=\"fl-accordion--icon-0\"  tabindex=\"0\"><i title=\"Collapse\">Collapse<\/i><\/a>\n\t\t\t\t\t<p>Die besten Chancen entstehen oft dort, wo andere noch z\u00f6gern: in M\u00e4rkten mit hoher Unsicherheit, aber au\u00dfergew\u00f6hnlichem Potenzial. Genau hier setzt die Moonshot-Strategie von FTC an. Sie identifiziert gezielt Investments mit asymmetrischem Chancen-Risiko-Verh\u00e4ltnis. So entsteht ein hochkonzentriertes Portfolio aus immer wieder neuen Trades, die alle nur ein Ziel haben: ganz weit oben.<\/p>\n<p>Drei Beispiele zeigen, wie das in der Praxis funktioniert:<\/p>\n<strong>Bitcoin-Rally (2022-2023)<\/strong><br \/>\nNach dem Tief bei rund\u202f16\u202f000\u202fUSD Ende 2022 stieg Bitcoin bis Ende 2023 auf \u00fcber\u202f69\u202f000\u202fUSD &#8211; ein Plus von mehr als 300\u202f%. Wer mit einem kleinen Teil seines Verm\u00f6gens auf die Erholung setzte, konnte sein Portfolio sp\u00fcrbar st\u00e4rken.\n<strong>Uran-Aktien-Boom (2024-2025)<\/strong><br \/>\nDer Uranpreis erreichte Anfang 2024 fast\u202f107\u202fUSD\/lb. Parallel dazu explodierten Uranminen-Aktien &#8211; befl\u00fcgelt durch geopolitische Umbr\u00fcche und neue Energiepolitik. Im Mai 2025 legten Minen-Werte innerhalb eines Monats um mehr als 16\u202f% zu. Ein klassisches Moonshot-Setup: starker Trend, fokussierte Auswahl, attraktive Chance.\n<strong>Tech-Rebound im Nasdaq (2022-2024)<\/strong><br \/>\nNach einem massiven Einbruch 2022 erholte sich der Nasdaq-Technologieindex deutlich &#8211; von etwa\u202f10\u202f000 Punkten auf \u00fcber\u202f17\u202f000 im Fr\u00fchjahr 2024. Wer gezielt in ausgew\u00e4hlte Qualit\u00e4ts-Techs investierte, konnte sogar dreistellige Kursgewinne erzielen. Wieder ein Beispiel f\u00fcr gezielte Chancen mit asymmetrischem Profil.\n\t\t\t\t\t<h2 id=\"fl-accordion--label-0\" tabindex=\"0\" aria-controls=\"fl-accordion--panel-0\">F\u00fcr alle, die das Au\u00dfergew\u00f6hnliche suchen<\/h2>\n\t\t\t\t\t\t\t\t\t\t\t<a href=\"#\" id=\"fl-accordion--icon-0\"  tabindex=\"0\"><i title=\"Collapse\">Collapse<\/i><\/a>\n\t\t\t\t\t<p>Die Moonshot-Strategie ist die Beimischung im Portfolio, die f\u00fcr au\u00dfergew\u00f6hnliches Chancenpotenzial sorgt &#8211; mit kalkuliertem Risiko und hohem Gewinnhebel. Gemacht f\u00fcr<\/p>\n<ul>\n<li>Anleger, die ein gro\u00dfes Basisportfolio haben und bewusst einen kleineren Teil f\u00fcr Hochchancen-Strategien einsetzen m\u00f6chten.<\/li>\n<li>Anleger, die asymmetrische Chancen suchen: kalkuliertes Risiko, \u00fcberdurchschnittliches Gewinnpotenzial.<\/li>\n<li>Anleger mit Lust auf einen dynamischen Portfoliobaustein, der neben Stabilit\u00e4t auch f\u00fcr \u201eFeuerwerk&#8221; sorgt.<\/li>\n<li>Anleger, die im Zweifelsfall auch einen Totalausfall verkraften k\u00f6nnen.<\/li>\n<\/ul>\n<h2>\n\t\t\tDie Chancen sind da. Sind Sie dabei?\t<\/h2>\n\t<p><strong>Die Moonshot-Strategie<\/strong><\/p>\n<p>Sie wissen, wie asymmetrische Investments funktionieren &#8211; und was sie bewirken k\u00f6nnen. Der Moonshot-Fonds macht diese Strategie erstmals breit zug\u00e4nglich. Taktisch. Reguliert. Mit klarem Ziel: au\u00dfergew\u00f6hnliche Renditen bei entsprechendem Risiko.<\/p>\n\t\t\t\t\t<a href=\"#\"  id=\"fl-accordion--label-0\" tabindex=\"0\" aria-controls=\"fl-accordion--panel-0\">Die Moonshot-Strategie starten<\/a>\n\t\t\t\t\t\t\t\t\t\t\t<a href=\"#\" id=\"fl-accordion--icon-0\"  tabindex=\"0\"><i title=\"Expand\">Expand<\/i><\/a>\n\t\t\t\t\t<style id=\"wpforms-css-vars-3166\">\n\t\t\t\t#wpforms-3166 {\n\t\t\t\t\n\t\t\t}\n\t\t\t<\/style><div class=\"wpforms-container wpforms-container-full gm-form wpforms-render-modern\" id=\"wpforms-3166\"><form id=\"wpforms-form-3166\" class=\"wpforms-validate wpforms-form\" data-formid=\"3166\" method=\"post\" enctype=\"multipart\/form-data\" action=\"\/en\/wp-json\/wp\/v2\/pages\/3378\" data-token=\"506e8ef2c5497396877d20c118a746bb\" data-token-time=\"1777304822\"><noscript class=\"wpforms-error-noscript\">Please enable JavaScript in your browser to complete this form.<\/noscript><div id=\"wpforms-error-noscript\" style=\"display: none;\">Please enable JavaScript in your browser to complete this form.<\/div><div class=\"wpforms-field-container\"><div id=\"wpforms-3166-field_7-container\" class=\"wpforms-field wpforms-field-radio wpforms-list-inline wpforms-conditional-trigger\" data-field-id=\"7\"><fieldset><legend class=\"wpforms-field-label\">Jetzt R\u00fcckmeldung anfordern <span class=\"wpforms-required-label\" aria-hidden=\"true\">*<\/span><\/legend><ul id=\"wpforms-3166-field_7\" class=\"wpforms-field-required\"><li class=\"choice-1 depth-1\"><input type=\"radio\" id=\"wpforms-3166-field_7_1\" name=\"wpforms[fields][7]\" value=\"Rufen Sie mich zur\u00fcck\" aria-errormessage=\"wpforms-3166-field_7_1-error\" required ><label class=\"wpforms-field-label-inline\" for=\"wpforms-3166-field_7_1\">Rufen Sie mich zur\u00fcck<\/label><\/li><li class=\"choice-2 depth-1\"><input type=\"radio\" id=\"wpforms-3166-field_7_2\" name=\"wpforms[fields][7]\" value=\"Senden Sie mir Infos per E-Mail\" aria-errormessage=\"wpforms-3166-field_7_2-error\" required ><label class=\"wpforms-field-label-inline\" for=\"wpforms-3166-field_7_2\">Senden Sie mir Infos per E-Mail<\/label><\/li><\/ul><\/fieldset><\/div><div id=\"wpforms-3166-field_10-container\" class=\"wpforms-field wpforms-field-checkbox wpforms-list-inline\" data-field-id=\"10\"><fieldset><legend class=\"wpforms-field-label\">Ich interessiere mich f\u00fcr\u2026 <span class=\"wpforms-required-label\" aria-hidden=\"true\">*<\/span><\/legend><ul id=\"wpforms-3166-field_10\" class=\"wpforms-randomize wpforms-field-required\"><li class=\"choice-1 depth-1\"><input type=\"checkbox\" id=\"wpforms-3166-field_10_1\" name=\"wpforms[fields][10][]\" value=\"Generationen-Strategie\" aria-errormessage=\"wpforms-3166-field_10_1-error\" required ><label class=\"wpforms-field-label-inline\" for=\"wpforms-3166-field_10_1\">Generationen-Strategie<\/label><\/li><li class=\"choice-2 depth-1\"><input type=\"checkbox\" id=\"wpforms-3166-field_10_2\" name=\"wpforms[fields][10][]\" value=\"Wachstums-Strategien\" aria-errormessage=\"wpforms-3166-field_10_2-error\" required ><label class=\"wpforms-field-label-inline\" for=\"wpforms-3166-field_10_2\">Wachstums-Strategien<\/label><\/li><li class=\"choice-3 depth-1\"><input type=\"checkbox\" id=\"wpforms-3166-field_10_3\" name=\"wpforms[fields][10][]\" value=\"Income-Strategie\" aria-errormessage=\"wpforms-3166-field_10_3-error\" required ><label class=\"wpforms-field-label-inline\" for=\"wpforms-3166-field_10_3\">Income-Strategie<\/label><\/li><li class=\"choice-5 depth-1\"><input type=\"checkbox\" id=\"wpforms-3166-field_10_5\" name=\"wpforms[fields][10][]\" value=\"Diversifikations-Strategie\" aria-errormessage=\"wpforms-3166-field_10_5-error\" required ><label class=\"wpforms-field-label-inline\" for=\"wpforms-3166-field_10_5\">Diversifikations-Strategie<\/label><\/li><li class=\"choice-6 depth-1\"><input type=\"checkbox\" id=\"wpforms-3166-field_10_6\" name=\"wpforms[fields][10][]\" value=\"Moonshot-Strategie\" aria-errormessage=\"wpforms-3166-field_10_6-error\" required ><label class=\"wpforms-field-label-inline\" for=\"wpforms-3166-field_10_6\">Moonshot-Strategie<\/label><\/li><li class=\"choice-4 depth-1\"><input type=\"checkbox\" id=\"wpforms-3166-field_10_4\" name=\"wpforms[fields][10][]\" value=\"Individuelle Verm\u00f6gensverwaltung\" aria-errormessage=\"wpforms-3166-field_10_4-error\" required ><label class=\"wpforms-field-label-inline\" for=\"wpforms-3166-field_10_4\">Individuelle Verm\u00f6gensverwaltung<\/label><\/li><\/ul><\/fieldset><\/div><div id=\"wpforms-3166-field_0-container\" class=\"wpforms-field wpforms-field-name\" data-field-id=\"0\"><fieldset><legend class=\"wpforms-field-label\">Name <span class=\"wpforms-required-label\" aria-hidden=\"true\">*<\/span><\/legend><div class=\"wpforms-field-row wpforms-field-large\"><div class=\"wpforms-field-row-block wpforms-first wpforms-one-half\"><input type=\"text\" id=\"wpforms-3166-field_0\" class=\"wpforms-field-name-first wpforms-field-required\" name=\"wpforms[fields][0][first]\" aria-errormessage=\"wpforms-3166-field_0-error\" required><label for=\"wpforms-3166-field_0\" class=\"wpforms-field-sublabel after\">First<\/label><\/div><div class=\"wpforms-field-row-block wpforms-one-half\"><input type=\"text\" id=\"wpforms-3166-field_0-last\" class=\"wpforms-field-name-last wpforms-field-required\" name=\"wpforms[fields][0][last]\" aria-errormessage=\"wpforms-3166-field_0-last-error\" required><label for=\"wpforms-3166-field_0-last\" class=\"wpforms-field-sublabel after\">Last<\/label><\/div><\/div><\/fieldset><\/div><div id=\"wpforms-3166-field_11-container\" class=\"wpforms-field wpforms-field-phone wpforms-conditional-field wpforms-conditional-show\" data-field-id=\"11\" style=\"display:none;\"><label class=\"wpforms-field-label\" for=\"wpforms-3166-field_11\">Telefonnummer <span class=\"wpforms-required-label\" aria-hidden=\"true\">*<\/span><\/label><input type=\"tel\" id=\"wpforms-3166-field_11\" class=\"wpforms-field-large wpforms-field-required\" data-rule-int-phone-field=\"true\" name=\"wpforms[fields][11]\" aria-label=\"Telefonnummer\" aria-errormessage=\"wpforms-3166-field_11-error\" required><\/div>\t\t<div id=\"wpforms-3166-field_4-container\"\n\t\t\tclass=\"wpforms-field wpforms-field-text\"\n\t\t\tdata-field-type=\"text\"\n\t\t\tdata-field-id=\"4\"\n\t\t\t>\n\t\t\t<label class=\"wpforms-field-label\" for=\"wpforms-3166-field_4\" >Telefonnummer anfordern Wann<\/label>\n\t\t\t<input type=\"text\" id=\"wpforms-3166-field_4\" class=\"wpforms-field-medium\" name=\"wpforms[fields][4]\" >\n\t\t<\/div>\n\t\t<div id=\"wpforms-3166-field_1-container\" class=\"wpforms-field wpforms-field-email wpforms-conditional-field wpforms-conditional-show\" data-field-id=\"1\" style=\"display:none;\"><label class=\"wpforms-field-label\" for=\"wpforms-3166-field_1\">E-Mail <span class=\"wpforms-required-label\" aria-hidden=\"true\">*<\/span><\/label><input type=\"email\" id=\"wpforms-3166-field_1\" class=\"wpforms-field-large wpforms-field-required\" name=\"wpforms[fields][1]\" spellcheck=\"false\" aria-errormessage=\"wpforms-3166-field_1-error\" required><\/div><div id=\"wpforms-3166-field_2-container\" class=\"wpforms-field wpforms-field-textarea\" data-field-id=\"2\"><label class=\"wpforms-field-label\" for=\"wpforms-3166-field_2\">Nachricht<\/label><textarea id=\"wpforms-3166-field_2\" class=\"wpforms-field-medium\" name=\"wpforms[fields][2]\" aria-errormessage=\"wpforms-3166-field_2-error\" ><\/textarea><\/div><div id=\"wpforms-3166-field_9-container\" class=\"wpforms-field wpforms-field-radio wpforms-list-inline wpforms-conditional-field wpforms-conditional-show wpforms-conditional-trigger\" data-field-id=\"9\" style=\"display:none;\"><fieldset><legend class=\"wpforms-field-label\">Wann m\u00f6chten Sie mit uns sprechen? <span class=\"wpforms-required-label\" aria-hidden=\"true\">*<\/span><\/legend><ul id=\"wpforms-3166-field_9\" class=\"wpforms-field-required\"><li class=\"choice-1 depth-1\"><input type=\"radio\" id=\"wpforms-3166-field_9_1\" name=\"wpforms[fields][9]\" value=\"So schnell wie m\u00f6glich\" aria-errormessage=\"wpforms-3166-field_9_1-error\" required ><label class=\"wpforms-field-label-inline\" for=\"wpforms-3166-field_9_1\">So schnell wie m\u00f6glich<\/label><\/li><li class=\"choice-2 depth-1\"><input type=\"radio\" id=\"wpforms-3166-field_9_2\" name=\"wpforms[fields][9]\" value=\"Zu einem bestimmten Termin\" aria-errormessage=\"wpforms-3166-field_9_2-error\" required ><label class=\"wpforms-field-label-inline\" for=\"wpforms-3166-field_9_2\">Zu einem bestimmten Termin<\/label><\/li><\/ul><\/fieldset><\/div><div id=\"wpforms-3166-field_12-container\" class=\"wpforms-field wpforms-field-date-time wpforms-conditional-field wpforms-conditional-show\" data-field-id=\"12\" style=\"display:none;\"><fieldset><legend class=\"wpforms-field-label\">Datum \/ Zeit <span class=\"wpforms-required-label\" aria-hidden=\"true\">*<\/span><\/legend><div class=\"wpforms-field-row wpforms-field-large\"><div class=\"wpforms-field-row-block wpforms-date-type-datepicker\"><div class=\"wpforms-datepicker-wrap\"><input type=\"text\" id=\"wpforms-3166-field_12\" class=\"wpforms-field-date-time-date wpforms-datepicker wpforms-field-required\" data-date-format=\"d\/m\/Y\" data-limit-days=\"mon,tue,wed,thu,fri\" data-disable-past-dates=\"1\" data-disable-todays-date=\"0\" data-input=\"true\" name=\"wpforms[fields][12][date]\" aria-errormessage=\"wpforms-3166-field_12-error\" required><a title=\"Clear Date\" data-clear role=\"button\" tabindex=\"0\" class=\"wpforms-datepicker-clear\" aria-label=\"Clear Date\" style=\"display:none;\"><\/a><\/div><label for=\"wpforms-3166-field_12\" class=\"wpforms-field-sublabel after\">Date<\/label><\/div><div class=\"wpforms-field-row-block\"><input type=\"text\" id=\"wpforms-3166-field_12-time\" class=\"wpforms-field-date-time-time wpforms-timepicker wpforms-field-required\" data-time-format=\"H:i\" data-step=\"30\" data-rule-time24h=\"true\" data-min-time=\"09:00\" data-max-time=\"18:00\" data-rule-time-limit=\"true\" name=\"wpforms[fields][12][time]\" aria-errormessage=\"wpforms-3166-field_12-time-error\" required><label for=\"wpforms-3166-field_12-time\" class=\"wpforms-field-sublabel after\">Time<\/label><\/div><\/div><\/fieldset><\/div><div id=\"wpforms-3166-field_3-container\" class=\"wpforms-field wpforms-field-checkbox\" data-field-id=\"3\"><fieldset><legend class=\"wpforms-field-label\">Datenschutz <span class=\"wpforms-required-label\" aria-hidden=\"true\">*<\/span><\/legend><ul id=\"wpforms-3166-field_3\" class=\"wpforms-field-required\"><li class=\"choice-1 depth-1\"><input type=\"checkbox\" id=\"wpforms-3166-field_3_1\" name=\"wpforms[fields][3][]\" value=\"Ich bin mit den &lt;a href=&quot;https:\/\/ftc-capital.comdatenschutz&quot;&gt;Datenschutzvereinbarungen&lt;\/a&gt; einverstanden.\" aria-errormessage=\"wpforms-3166-field_3_1-error\" aria-describedby=\"wpforms-3166-field_3-description\" required ><label class=\"wpforms-field-label-inline\" for=\"wpforms-3166-field_3_1\">Ich bin mit den <a href=\"https:\/\/ftc-capital.comdatenschutz\">Datenschutzvereinbarungen<\/a> einverstanden.<\/label><\/li><\/ul><div id=\"wpforms-3166-field_3-description\" class=\"wpforms-field-description\">Und ich erteile meine Zustimmung daf\u00fcr, dass Sie mich mit aktuellen Informationen \u00fcber Ihre Produkte und Dienstleistungen per E-Mail an die von mir angegebene E-Mail Adresse und, falls im Formular angegeben, telefonisch versorgen d\u00fcrfen. Ich kann meine Einwilligung jederzeit und ohne Angabe von Gr\u00fcnden per E-Mail an office@ftc.at widerrufen. Au\u00dferdem finde ich in jeder Marketing-E-Mail dazu einen Abmeldelink, mit dem ich meine Einwilligung widerrufen kann.<\/div><\/fieldset><\/div><script>\n\t\t\t\t( function() {\n\t\t\t\t\tconst style = document.createElement( 'style' );\n\t\t\t\t\tstyle.appendChild( document.createTextNode( '#wpforms-3166-field_4-container { position: absolute !important; overflow: hidden !important; display: inline !important; height: 1px !important; width: 1px !important; z-index: -1000 !important; padding: 0 !important; } #wpforms-3166-field_4-container input { visibility: hidden; } #wpforms-conversational-form-page #wpforms-3166-field_4-container label { counter-increment: none; }' ) );\n\t\t\t\t\tdocument.head.appendChild( style );\n\t\t\t\t\tdocument.currentScript?.remove();\n\t\t\t\t} )();\n\t\t\t<\/script><\/div><!-- .wpforms-field-container --><div class=\"wpforms-recaptcha-container wpforms-is-recaptcha wpforms-is-recaptcha-type-v2\" ><div class=\"g-recaptcha\" data-sitekey=\"6LcjAwYbAAAAAGa5Yhh3ZyiUQmlMbWVyZNPyfVHU\"><\/div><input type=\"text\" name=\"g-recaptcha-hidden\" class=\"wpforms-recaptcha-hidden\" style=\"position:absolute!important;clip:rect(0,0,0,0)!important;height:1px!important;width:1px!important;border:0!important;overflow:hidden!important;padding:0!important;margin:0!important;\" data-rule-recaptcha=\"1\"><\/div><div class=\"wpforms-submit-container\" ><input type=\"hidden\" name=\"wpforms[id]\" value=\"3166\"><input type=\"hidden\" name=\"page_title\" value=\"\"><input type=\"hidden\" name=\"page_url\" value=\"https:\/\/ftc-capital.com\/en\/wp-json\/wp\/v2\/pages\/3378\"><input type=\"hidden\" name=\"url_referer\" value=\"\"><button type=\"submit\" name=\"wpforms[submit]\" id=\"wpforms-submit-3166\" class=\"wpforms-submit gm-form-btn\" data-alt-text=\"Senden...\" data-submit-text=\"Absenden\" aria-live=\"assertive\" value=\"wpforms-submit\">Absenden<\/button><\/div><\/form><\/div>  <!-- .wpforms-container -->\n\n","protected":false},"excerpt":{"rendered":"<p>FTC Moonshot-Strategie Au\u00dfergew\u00f6hnliche Chancen realisieren Manche Chancen sind spektakul\u00e4r: Einzelwerte, Krypto oder Trades mit Potenzial f\u00fcr 30\u202f% und mehr. Gibt es eine verantwortungsvolle Art, davon zu profitieren? Die Moonshot-Strategie von FTC nutzt solche Gelegenheiten gezielt &#8211; indem bewusst asymmetrische Risken eingegangen werden. Ein Highlight f\u00fcr den Teil des Verm\u00f6gens, der mehr darf &#8211; und mehr&hellip;<\/p>\n","protected":false},"author":10,"featured_media":3026,"parent":995,"menu_order":0,"comment_status":"closed","ping_status":"closed","template":"","meta":{"inline_featured_image":false,"footnotes":""},"class_list":["post-3378","page","type-page","status-publish","has-post-thumbnail","hentry"],"_links":{"self":[{"href":"https:\/\/ftc-capital.com\/en\/wp-json\/wp\/v2\/pages\/3378","targetHints":{"allow":["GET"]}}],"collection":[{"href":"https:\/\/ftc-capital.com\/en\/wp-json\/wp\/v2\/pages"}],"about":[{"href":"https:\/\/ftc-capital.com\/en\/wp-json\/wp\/v2\/types\/page"}],"author":[{"embeddable":true,"href":"https:\/\/ftc-capital.com\/en\/wp-json\/wp\/v2\/users\/10"}],"replies":[{"embeddable":true,"href":"https:\/\/ftc-capital.com\/en\/wp-json\/wp\/v2\/comments?post=3378"}],"version-history":[{"count":15,"href":"https:\/\/ftc-capital.com\/en\/wp-json\/wp\/v2\/pages\/3378\/revisions"}],"predecessor-version":[{"id":4231,"href":"https:\/\/ftc-capital.com\/en\/wp-json\/wp\/v2\/pages\/3378\/revisions\/4231"}],"up":[{"embeddable":true,"href":"https:\/\/ftc-capital.com\/en\/wp-json\/wp\/v2\/pages\/995"}],"wp:featuredmedia":[{"embeddable":true,"href":"https:\/\/ftc-capital.com\/en\/wp-json\/wp\/v2\/media\/3026"}],"wp:attachment":[{"href":"https:\/\/ftc-capital.com\/en\/wp-json\/wp\/v2\/media?parent=3378"}],"curies":[{"name":"wp","href":"https:\/\/api.w.org\/{rel}","templated":true}]}}