{"id":3373,"date":"2025-08-04T14:59:58","date_gmt":"2025-08-04T12:59:58","guid":{"rendered":"https:\/\/ftc-capital.com\/?page_id=3373"},"modified":"2025-11-14T14:37:59","modified_gmt":"2025-11-14T13:37:59","slug":"income-strategie","status":"publish","type":"page","link":"https:\/\/ftc-capital.com\/en\/wealth-management\/income-strategie\/","title":{"rendered":"FTC Income-Strategie"},"content":{"rendered":"\n<h1>\n\t\t\tFTC Income-Strategie\t<\/h1>\n<h2>\n\t\t\tEinkommen generieren.<br \/>Lebensqualit\u00e4t erm\u00f6glichen.\t<\/h2>\n\t<p>Vom eigenen Verm\u00f6gen gut leben k\u00f6nnen, auch ohne gr\u00f6\u00dfere Entnahmen. Regelm\u00e4\u00dfiges Einkommen ist ein legitimes Ziel f\u00fcr Ihr Wealth Management. Wir haben daf\u00fcr eine eigene Strategie entwickelt.<\/p>\n\t\t\t\t\t<h2 id=\"fl-accordion--label-0\" tabindex=\"0\" aria-controls=\"fl-accordion--panel-0\">Das Ziel:<br \/>Dauerhaft passives Einkommen generieren<\/h2>\n\t\t\t\t\t\t\t\t\t\t\t<a href=\"#\" id=\"fl-accordion--icon-0\"  tabindex=\"0\"><i title=\"Collapse\">Collapse<\/i><\/a>\n\t\t\t\t\t<p>Income orientierte Portfolios sind aus unterschiedlichen Gr\u00fcnden sinnvoll: Die laufenden Ertr\u00e4ge k\u00f6nnen die L\u00fccke zwischen Pensionszahlungen und dem ehemaligen Aktivbezug schlie\u00dfen oder auch einfach als Zusatzeinkommen den Lebensstandard anheben.<\/p>\n<p>Unsere Income-Strategie bietet die Chance auf regelm\u00e4\u00dfige und im Idealfall gleichm\u00e4\u00dfige Ertr\u00e4ge, ohne die Substanz anzugreifen.<\/p>\n<p>Warum braucht es daf\u00fcr eine eigene Strategie? K\u00f6nnte man nicht auch regelm\u00e4\u00dfig die Gewinne eines ganz normalen Aktienfonds entnehmen?<\/p>\n<p>Im Prinzip k\u00f6nnte man das. Das allerdings w\u00fcrde weder regel- noch gleichm\u00e4\u00dfige Entnahmen erlauben, da Aktienm\u00e4rkte ohne weiteres mehrere Jahre in Folge negative Performance aufweisen k\u00f6nnen. Man m\u00fcsste also deutliche Substanzverluste in Kauf nehmen, w\u00fcrde man auch in Verlustphasen Geld entnehmen.<\/p>\n\t\t\t\t\t<h2 id=\"fl-accordion--label-0\" tabindex=\"0\" aria-controls=\"fl-accordion--panel-0\">Herausforderung:<br \/>Anleihen reichen nicht<\/h2>\n\t\t\t\t\t\t\t\t\t\t\t<a href=\"#\" id=\"fl-accordion--icon-0\"  tabindex=\"0\"><i title=\"Collapse\">Collapse<\/i><\/a>\n\t\t\t\t\t<p>Staatsanleihen waren lange Zeit der Klassiker, wenn es darum ging, sicheres und regelm\u00e4\u00dfiges Einkommen zu generieren. Doch sie verlieren zunehmend ihre Funktion als verl\u00e4ssliche Einkommensquelle: Der Realzins ist in vielen L\u00e4ndern negativ &#8211; Zinskupons k\u00f6nnen die Inflation nicht ausgleichen. Gleichzeitig steigen die Staatsschulden weiter an, was Zweifel an der Tragf\u00e4higkeit des Schuldendienstes weckt. Mit der Gefahr einer Fiskaldominanz w\u00e4chst zudem das Risiko, dass Notenbanken Zinsen k\u00fcnstlich niedrig halten m\u00fcssen, um die Haushalte der Staaten zu st\u00fctzen &#8211; zulasten der Anleger. Also Ihres potenziellen Einkommens.<\/p>\n\t\t\t\t\t<h2 id=\"fl-accordion--label-0\" tabindex=\"0\" aria-controls=\"fl-accordion--panel-0\">So profitieren Sie von der Income-Strategie<\/h2>\n\t\t\t\t\t\t\t\t\t\t\t<a href=\"#\" id=\"fl-accordion--icon-0\"  tabindex=\"0\"><i title=\"Collapse\">Collapse<\/i><\/a>\n\t\t\t\t\t<p>Die FTC Income-Strategie enth\u00e4lt mehrere unterschiedliche Anlageklassen, von Staatsanleihen bis hin zu Geldmarkt-Produkten, die regelm\u00e4\u00dfige Auszahlungen gew\u00e4hrleisten sollen. Durch die breite Streuung sollen vor\u00fcbergehende Schw\u00e4chephasen einer Anlageklasse ausgeglichen werden.<\/p>\n<p>Alle in der Strategie enthaltene Anlageklassen:<\/p>\n<ul>\n<li><strong>Investment-Grade Anleihen sorgen f\u00fcr eine sichere Basis<\/strong>\n<ul>\n<li>Schuldverschreibungen bonit\u00e4tsstarker Staaten oder Unternehmen<\/li>\n<li>Sehr hohe Sicherheit, relativ niedrige Renditen<\/li>\n<li>Beispiel: Bundesanleihen, Unternehmensanleihen von Apple, Nestl\u00e9 etc.<\/li>\n<\/ul>\n<\/li>\n<li><strong>High-Yield Bonds &#8211; Unternehmensanleihen mit niedrigerer Bonit\u00e4t (Non-Investment-Grade) erh\u00f6hen die Rendite<\/strong>\n<ul>\n<li>H\u00f6here Rendite bei h\u00f6herem Risiko<\/li>\n<li>Haupts\u00e4chlich in USD und EUR<\/li>\n<\/ul>\n<\/li>\n<li><strong>EM-Staatsanleihen in Lokalw\u00e4hrung &#8211; gute Zinsen mit immer noch hoher Sicherheit<\/strong>\n<ul>\n<li>H\u00f6here Rendite bei h\u00f6herem Risiko<\/li>\n<li>Staatsanleihen aus Schwellenl\u00e4ndern (z.\u202fB. Mexiko, Indonesien) in deren eigener W\u00e4hrung<\/li>\n<li>H\u00f6here Renditen, aber auch Wechselkursrisiken<\/li>\n<\/ul>\n<\/li>\n<li><strong>Senior \/ Leveraged Loans \u00fcber spezialisierte Fonds &#8211; Kredite an Unternehmen mit variablem Zinssatz (Floating Rate<\/strong>\n<ul>\n<li>Vorrangige R\u00fcckzahlung im Insolvenzfall (\u201eSenior&#8221;)<\/li>\n<li>Oft an Private-Equity-finanzierte Unternehmen vergeben<\/li>\n<\/ul>\n<\/li>\n<li><strong>Private Credit &#8211; direkt vergebene Kredite (nicht b\u00f6rsennotiert) \u00fcber spezialisierte Fonds oder BDCs<\/strong>\n<ul>\n<li>Kredite an Privatperson<\/li>\n<li>Besonders attraktiv bei steigenden Zinsen<\/li>\n<\/ul>\n<\/li>\n<li><strong>Global High-Dividend Aktien als weiterer Sicherheitsbaustein<\/strong>\n<ul>\n<li>Aktien globaler Unternehmen mit \u00fcberdurchschnittlicher Dividendenrendite<\/li>\n<li>Beispiel: Johnson &amp; Johnson, Nestl\u00e9, Unilever, Telekoms, Versorger<\/li>\n<\/ul>\n<\/li>\n<li><strong>REITs (Real Estate Investment Trusts &#8211; Immobilienunternehmen mit gesetzlich verpflichtender hoher Aussch\u00fcttungsquote<\/strong>\n<ul>\n<li>Equity-REITs: Besitz und Vermietung von Immobilien<\/li>\n<li>Mortgage-REITs: Investitionen in Hypotheken und Kreditverbriefungen<\/li>\n<\/ul>\n<\/li>\n<li><strong>Gelistete Infrastruktur sorgt durch regulierte oder langfristige Vertr\u00e4ge f\u00fcr stabile Cashflows<\/strong>\n<ul>\n<li>Aktien b\u00f6rsennotierter Infrastrukturunternehmen<\/li>\n<li>z.\u202fB. Mautstra\u00dfen, Pipelines, Stromnetze)<\/li>\n<\/ul>\n<\/li>\n<li><strong>Cash \/ Geldmarktprodukte &#8211; erwirtschaften sichere Zinsen<\/strong>\n<ul>\n<li>Taggeld, Festgeld<\/li>\n<li>kurzfristige Anleihen wie z. b. kurzfristige US-Staatsanleihen<\/li>\n<\/ul>\n<\/li>\n<\/ul>\n\t\t\t\t\t<h2 id=\"fl-accordion--label-0\" tabindex=\"0\" aria-controls=\"fl-accordion--panel-0\">F\u00fcr alle, die regelm\u00e4\u00dfige Eink\u00fcnfte m\u00f6chten<\/h2>\n\t\t\t\t\t\t\t\t\t\t\t<a href=\"#\" id=\"fl-accordion--icon-0\"  tabindex=\"0\"><i title=\"Collapse\">Collapse<\/i><\/a>\n\t\t\t\t\t<p>Die FTC Income-Strategie soll Ihnen ein passives Einkommen sichern und ist gedacht f\u00fcr:<\/p>\n<ul>\n<li>Menschen, die nach dem Ausscheiden aus dem Erwerbsleben ihre Rentenl\u00fccke schlie\u00dfen m\u00f6chten.<\/li>\n<li>Privatiers, die von Ihrem Verm\u00f6gen leben m\u00f6chten.<\/li>\n<li>Stiftungen, die bestandssichernd regelm\u00e4\u00dfige Eink\u00fcnfte erwirtschaften m\u00f6chten.<\/li>\n<li>Anleihen-Investoren, die zus\u00e4tzliches Einkommen zu ihren Coupons generieren m\u00f6chten.<\/li>\n<\/ul>\n<h2>\n\t\t\t Jetzt investieren und regelm\u00e4\u00dfiges Einkommen sichern\t<\/h2>\n\t<p><strong>Die FTC Income-Strategie<\/strong><\/p>\n<p>Sie erhalten ein aktiv gemanagtes Depot, dessen auschlie\u00dfliches Ziel regelm\u00e4\u00dfige Auszahlungen in H\u00f6he von 4-5% des eingesetzten Kapitals sind.<\/p>\n\t\t\t\t\t<a href=\"#\"  id=\"fl-accordion--label-0\" tabindex=\"0\" aria-controls=\"fl-accordion--panel-0\">Die Income-Strategie starten<\/a>\n\t\t\t\t\t\t\t\t\t\t\t<a href=\"#\" id=\"fl-accordion--icon-0\"  tabindex=\"0\"><i title=\"Expand\">Expand<\/i><\/a>\n\t\t\t\t\t<style id=\"wpforms-css-vars-3166\">\n\t\t\t\t#wpforms-3166 {\n\t\t\t\t\n\t\t\t}\n\t\t\t<\/style><div class=\"wpforms-container wpforms-container-full gm-form wpforms-render-modern\" id=\"wpforms-3166\"><form id=\"wpforms-form-3166\" class=\"wpforms-validate wpforms-form\" data-formid=\"3166\" method=\"post\" enctype=\"multipart\/form-data\" action=\"\/en\/wp-json\/wp\/v2\/pages\/3373\" data-token=\"506e8ef2c5497396877d20c118a746bb\" data-token-time=\"1777304817\"><noscript class=\"wpforms-error-noscript\">Please enable JavaScript in your browser to complete this form.<\/noscript><div id=\"wpforms-error-noscript\" style=\"display: none;\">Please enable JavaScript in your browser to complete this form.<\/div><div class=\"wpforms-field-container\"><div id=\"wpforms-3166-field_7-container\" class=\"wpforms-field wpforms-field-radio wpforms-list-inline wpforms-conditional-trigger\" data-field-id=\"7\"><fieldset><legend class=\"wpforms-field-label\">Jetzt R\u00fcckmeldung anfordern <span class=\"wpforms-required-label\" aria-hidden=\"true\">*<\/span><\/legend><ul id=\"wpforms-3166-field_7\" class=\"wpforms-field-required\"><li class=\"choice-1 depth-1\"><input type=\"radio\" id=\"wpforms-3166-field_7_1\" name=\"wpforms[fields][7]\" value=\"Rufen Sie mich zur\u00fcck\" aria-errormessage=\"wpforms-3166-field_7_1-error\" required ><label class=\"wpforms-field-label-inline\" for=\"wpforms-3166-field_7_1\">Rufen Sie mich zur\u00fcck<\/label><\/li><li class=\"choice-2 depth-1\"><input type=\"radio\" id=\"wpforms-3166-field_7_2\" name=\"wpforms[fields][7]\" value=\"Senden Sie mir Infos per E-Mail\" aria-errormessage=\"wpforms-3166-field_7_2-error\" required ><label class=\"wpforms-field-label-inline\" for=\"wpforms-3166-field_7_2\">Senden Sie mir Infos per E-Mail<\/label><\/li><\/ul><\/fieldset><\/div><div id=\"wpforms-3166-field_10-container\" class=\"wpforms-field wpforms-field-checkbox wpforms-list-inline\" data-field-id=\"10\"><fieldset><legend class=\"wpforms-field-label\">Ich interessiere mich f\u00fcr\u2026 <span class=\"wpforms-required-label\" aria-hidden=\"true\">*<\/span><\/legend><ul id=\"wpforms-3166-field_10\" class=\"wpforms-randomize wpforms-field-required\"><li class=\"choice-1 depth-1\"><input type=\"checkbox\" id=\"wpforms-3166-field_10_1\" name=\"wpforms[fields][10][]\" value=\"Generationen-Strategie\" aria-errormessage=\"wpforms-3166-field_10_1-error\" required ><label class=\"wpforms-field-label-inline\" for=\"wpforms-3166-field_10_1\">Generationen-Strategie<\/label><\/li><li class=\"choice-2 depth-1\"><input type=\"checkbox\" id=\"wpforms-3166-field_10_2\" name=\"wpforms[fields][10][]\" value=\"Wachstums-Strategien\" aria-errormessage=\"wpforms-3166-field_10_2-error\" required ><label class=\"wpforms-field-label-inline\" for=\"wpforms-3166-field_10_2\">Wachstums-Strategien<\/label><\/li><li class=\"choice-3 depth-1\"><input type=\"checkbox\" id=\"wpforms-3166-field_10_3\" name=\"wpforms[fields][10][]\" value=\"Income-Strategie\" aria-errormessage=\"wpforms-3166-field_10_3-error\" required ><label class=\"wpforms-field-label-inline\" for=\"wpforms-3166-field_10_3\">Income-Strategie<\/label><\/li><li class=\"choice-5 depth-1\"><input type=\"checkbox\" id=\"wpforms-3166-field_10_5\" name=\"wpforms[fields][10][]\" value=\"Diversifikations-Strategie\" aria-errormessage=\"wpforms-3166-field_10_5-error\" required ><label class=\"wpforms-field-label-inline\" for=\"wpforms-3166-field_10_5\">Diversifikations-Strategie<\/label><\/li><li class=\"choice-6 depth-1\"><input type=\"checkbox\" id=\"wpforms-3166-field_10_6\" name=\"wpforms[fields][10][]\" value=\"Moonshot-Strategie\" aria-errormessage=\"wpforms-3166-field_10_6-error\" required ><label class=\"wpforms-field-label-inline\" for=\"wpforms-3166-field_10_6\">Moonshot-Strategie<\/label><\/li><li class=\"choice-4 depth-1\"><input type=\"checkbox\" id=\"wpforms-3166-field_10_4\" name=\"wpforms[fields][10][]\" value=\"Individuelle Verm\u00f6gensverwaltung\" aria-errormessage=\"wpforms-3166-field_10_4-error\" required ><label class=\"wpforms-field-label-inline\" for=\"wpforms-3166-field_10_4\">Individuelle Verm\u00f6gensverwaltung<\/label><\/li><\/ul><\/fieldset><\/div><div id=\"wpforms-3166-field_0-container\" class=\"wpforms-field wpforms-field-name\" data-field-id=\"0\"><fieldset><legend class=\"wpforms-field-label\">Name <span class=\"wpforms-required-label\" aria-hidden=\"true\">*<\/span><\/legend><div class=\"wpforms-field-row wpforms-field-large\"><div class=\"wpforms-field-row-block wpforms-first wpforms-one-half\"><input type=\"text\" id=\"wpforms-3166-field_0\" class=\"wpforms-field-name-first wpforms-field-required\" name=\"wpforms[fields][0][first]\" aria-errormessage=\"wpforms-3166-field_0-error\" required><label for=\"wpforms-3166-field_0\" class=\"wpforms-field-sublabel after\">First<\/label><\/div><div class=\"wpforms-field-row-block wpforms-one-half\"><input type=\"text\" id=\"wpforms-3166-field_0-last\" class=\"wpforms-field-name-last wpforms-field-required\" name=\"wpforms[fields][0][last]\" aria-errormessage=\"wpforms-3166-field_0-last-error\" required><label for=\"wpforms-3166-field_0-last\" class=\"wpforms-field-sublabel after\">Last<\/label><\/div><\/div><\/fieldset><\/div><div id=\"wpforms-3166-field_11-container\" class=\"wpforms-field wpforms-field-phone wpforms-conditional-field wpforms-conditional-show\" data-field-id=\"11\" style=\"display:none;\"><label class=\"wpforms-field-label\" for=\"wpforms-3166-field_11\">Telefonnummer <span class=\"wpforms-required-label\" aria-hidden=\"true\">*<\/span><\/label><input type=\"tel\" id=\"wpforms-3166-field_11\" class=\"wpforms-field-large wpforms-field-required\" data-rule-int-phone-field=\"true\" name=\"wpforms[fields][11]\" aria-label=\"Telefonnummer\" aria-errormessage=\"wpforms-3166-field_11-error\" required><\/div>\t\t<div id=\"wpforms-3166-field_4-container\"\n\t\t\tclass=\"wpforms-field wpforms-field-text\"\n\t\t\tdata-field-type=\"text\"\n\t\t\tdata-field-id=\"4\"\n\t\t\t>\n\t\t\t<label class=\"wpforms-field-label\" for=\"wpforms-3166-field_4\" >Wann E-Mail Telefonnummer<\/label>\n\t\t\t<input type=\"text\" id=\"wpforms-3166-field_4\" class=\"wpforms-field-medium\" name=\"wpforms[fields][4]\" >\n\t\t<\/div>\n\t\t<div id=\"wpforms-3166-field_1-container\" class=\"wpforms-field wpforms-field-email wpforms-conditional-field wpforms-conditional-show\" data-field-id=\"1\" style=\"display:none;\"><label class=\"wpforms-field-label\" for=\"wpforms-3166-field_1\">E-Mail <span class=\"wpforms-required-label\" aria-hidden=\"true\">*<\/span><\/label><input type=\"email\" id=\"wpforms-3166-field_1\" class=\"wpforms-field-large wpforms-field-required\" name=\"wpforms[fields][1]\" spellcheck=\"false\" aria-errormessage=\"wpforms-3166-field_1-error\" required><\/div><div id=\"wpforms-3166-field_2-container\" class=\"wpforms-field wpforms-field-textarea\" data-field-id=\"2\"><label class=\"wpforms-field-label\" for=\"wpforms-3166-field_2\">Nachricht<\/label><textarea id=\"wpforms-3166-field_2\" class=\"wpforms-field-medium\" name=\"wpforms[fields][2]\" aria-errormessage=\"wpforms-3166-field_2-error\" ><\/textarea><\/div><div id=\"wpforms-3166-field_9-container\" class=\"wpforms-field wpforms-field-radio wpforms-list-inline wpforms-conditional-field wpforms-conditional-show wpforms-conditional-trigger\" data-field-id=\"9\" style=\"display:none;\"><fieldset><legend class=\"wpforms-field-label\">Wann m\u00f6chten Sie mit uns sprechen? <span class=\"wpforms-required-label\" aria-hidden=\"true\">*<\/span><\/legend><ul id=\"wpforms-3166-field_9\" class=\"wpforms-field-required\"><li class=\"choice-1 depth-1\"><input type=\"radio\" id=\"wpforms-3166-field_9_1\" name=\"wpforms[fields][9]\" value=\"So schnell wie m\u00f6glich\" aria-errormessage=\"wpforms-3166-field_9_1-error\" required ><label class=\"wpforms-field-label-inline\" for=\"wpforms-3166-field_9_1\">So schnell wie m\u00f6glich<\/label><\/li><li class=\"choice-2 depth-1\"><input type=\"radio\" id=\"wpforms-3166-field_9_2\" name=\"wpforms[fields][9]\" value=\"Zu einem bestimmten Termin\" aria-errormessage=\"wpforms-3166-field_9_2-error\" required ><label class=\"wpforms-field-label-inline\" for=\"wpforms-3166-field_9_2\">Zu einem bestimmten Termin<\/label><\/li><\/ul><\/fieldset><\/div><div id=\"wpforms-3166-field_12-container\" class=\"wpforms-field wpforms-field-date-time wpforms-conditional-field wpforms-conditional-show\" data-field-id=\"12\" style=\"display:none;\"><fieldset><legend class=\"wpforms-field-label\">Datum \/ Zeit <span class=\"wpforms-required-label\" aria-hidden=\"true\">*<\/span><\/legend><div class=\"wpforms-field-row wpforms-field-large\"><div class=\"wpforms-field-row-block wpforms-date-type-datepicker\"><div class=\"wpforms-datepicker-wrap\"><input type=\"text\" id=\"wpforms-3166-field_12\" class=\"wpforms-field-date-time-date wpforms-datepicker wpforms-field-required\" data-date-format=\"d\/m\/Y\" data-limit-days=\"mon,tue,wed,thu,fri\" data-disable-past-dates=\"1\" data-disable-todays-date=\"0\" data-input=\"true\" name=\"wpforms[fields][12][date]\" aria-errormessage=\"wpforms-3166-field_12-error\" required><a title=\"Clear Date\" data-clear role=\"button\" tabindex=\"0\" class=\"wpforms-datepicker-clear\" aria-label=\"Clear Date\" style=\"display:none;\"><\/a><\/div><label for=\"wpforms-3166-field_12\" class=\"wpforms-field-sublabel after\">Date<\/label><\/div><div class=\"wpforms-field-row-block\"><input type=\"text\" id=\"wpforms-3166-field_12-time\" class=\"wpforms-field-date-time-time wpforms-timepicker wpforms-field-required\" data-time-format=\"H:i\" data-step=\"30\" data-rule-time24h=\"true\" data-min-time=\"09:00\" data-max-time=\"18:00\" data-rule-time-limit=\"true\" name=\"wpforms[fields][12][time]\" aria-errormessage=\"wpforms-3166-field_12-time-error\" required><label for=\"wpforms-3166-field_12-time\" class=\"wpforms-field-sublabel after\">Time<\/label><\/div><\/div><\/fieldset><\/div><div id=\"wpforms-3166-field_3-container\" class=\"wpforms-field wpforms-field-checkbox\" data-field-id=\"3\"><fieldset><legend class=\"wpforms-field-label\">Datenschutz <span class=\"wpforms-required-label\" aria-hidden=\"true\">*<\/span><\/legend><ul id=\"wpforms-3166-field_3\" class=\"wpforms-field-required\"><li class=\"choice-1 depth-1\"><input type=\"checkbox\" id=\"wpforms-3166-field_3_1\" name=\"wpforms[fields][3][]\" value=\"Ich bin mit den &lt;a href=&quot;https:\/\/ftc-capital.comdatenschutz&quot;&gt;Datenschutzvereinbarungen&lt;\/a&gt; einverstanden.\" aria-errormessage=\"wpforms-3166-field_3_1-error\" aria-describedby=\"wpforms-3166-field_3-description\" required ><label class=\"wpforms-field-label-inline\" for=\"wpforms-3166-field_3_1\">Ich bin mit den <a href=\"https:\/\/ftc-capital.comdatenschutz\">Datenschutzvereinbarungen<\/a> einverstanden.<\/label><\/li><\/ul><div id=\"wpforms-3166-field_3-description\" class=\"wpforms-field-description\">Und ich erteile meine Zustimmung daf\u00fcr, dass Sie mich mit aktuellen Informationen \u00fcber Ihre Produkte und Dienstleistungen per E-Mail an die von mir angegebene E-Mail Adresse und, falls im Formular angegeben, telefonisch versorgen d\u00fcrfen. Ich kann meine Einwilligung jederzeit und ohne Angabe von Gr\u00fcnden per E-Mail an office@ftc.at widerrufen. Au\u00dferdem finde ich in jeder Marketing-E-Mail dazu einen Abmeldelink, mit dem ich meine Einwilligung widerrufen kann.<\/div><\/fieldset><\/div><script>\n\t\t\t\t( function() {\n\t\t\t\t\tconst style = document.createElement( 'style' );\n\t\t\t\t\tstyle.appendChild( document.createTextNode( '#wpforms-3166-field_4-container { position: absolute !important; overflow: hidden !important; display: inline !important; height: 1px !important; width: 1px !important; z-index: -1000 !important; padding: 0 !important; } #wpforms-3166-field_4-container input { visibility: hidden; } #wpforms-conversational-form-page #wpforms-3166-field_4-container label { counter-increment: none; }' ) );\n\t\t\t\t\tdocument.head.appendChild( style );\n\t\t\t\t\tdocument.currentScript?.remove();\n\t\t\t\t} )();\n\t\t\t<\/script><\/div><!-- .wpforms-field-container --><div class=\"wpforms-recaptcha-container wpforms-is-recaptcha wpforms-is-recaptcha-type-v2\" ><div class=\"g-recaptcha\" data-sitekey=\"6LcjAwYbAAAAAGa5Yhh3ZyiUQmlMbWVyZNPyfVHU\"><\/div><input type=\"text\" name=\"g-recaptcha-hidden\" class=\"wpforms-recaptcha-hidden\" style=\"position:absolute!important;clip:rect(0,0,0,0)!important;height:1px!important;width:1px!important;border:0!important;overflow:hidden!important;padding:0!important;margin:0!important;\" data-rule-recaptcha=\"1\"><\/div><div class=\"wpforms-submit-container\" ><input type=\"hidden\" name=\"wpforms[id]\" value=\"3166\"><input type=\"hidden\" name=\"page_title\" value=\"\"><input type=\"hidden\" name=\"page_url\" value=\"https:\/\/ftc-capital.com\/en\/wp-json\/wp\/v2\/pages\/3373\"><input type=\"hidden\" name=\"url_referer\" value=\"\"><button type=\"submit\" name=\"wpforms[submit]\" id=\"wpforms-submit-3166\" class=\"wpforms-submit gm-form-btn\" data-alt-text=\"Senden...\" data-submit-text=\"Absenden\" aria-live=\"assertive\" value=\"wpforms-submit\">Absenden<\/button><\/div><\/form><\/div>  <!-- .wpforms-container -->\n\n","protected":false},"excerpt":{"rendered":"<p>FTC Income-Strategie Einkommen generieren.Lebensqualit\u00e4t erm\u00f6glichen. Vom eigenen Verm\u00f6gen gut leben k\u00f6nnen, auch ohne gr\u00f6\u00dfere Entnahmen. Regelm\u00e4\u00dfiges Einkommen ist ein legitimes Ziel f\u00fcr Ihr Wealth Management. Wir haben daf\u00fcr eine eigene Strategie entwickelt. Das Ziel:Dauerhaft passives Einkommen generieren Collapse Income orientierte Portfolios sind aus unterschiedlichen Gr\u00fcnden sinnvoll: Die laufenden Ertr\u00e4ge k\u00f6nnen die L\u00fccke zwischen Pensionszahlungen und&hellip;<\/p>\n","protected":false},"author":10,"featured_media":3148,"parent":995,"menu_order":0,"comment_status":"closed","ping_status":"closed","template":"","meta":{"inline_featured_image":false,"footnotes":""},"class_list":["post-3373","page","type-page","status-publish","has-post-thumbnail","hentry"],"_links":{"self":[{"href":"https:\/\/ftc-capital.com\/en\/wp-json\/wp\/v2\/pages\/3373","targetHints":{"allow":["GET"]}}],"collection":[{"href":"https:\/\/ftc-capital.com\/en\/wp-json\/wp\/v2\/pages"}],"about":[{"href":"https:\/\/ftc-capital.com\/en\/wp-json\/wp\/v2\/types\/page"}],"author":[{"embeddable":true,"href":"https:\/\/ftc-capital.com\/en\/wp-json\/wp\/v2\/users\/10"}],"replies":[{"embeddable":true,"href":"https:\/\/ftc-capital.com\/en\/wp-json\/wp\/v2\/comments?post=3373"}],"version-history":[{"count":24,"href":"https:\/\/ftc-capital.com\/en\/wp-json\/wp\/v2\/pages\/3373\/revisions"}],"predecessor-version":[{"id":4256,"href":"https:\/\/ftc-capital.com\/en\/wp-json\/wp\/v2\/pages\/3373\/revisions\/4256"}],"up":[{"embeddable":true,"href":"https:\/\/ftc-capital.com\/en\/wp-json\/wp\/v2\/pages\/995"}],"wp:featuredmedia":[{"embeddable":true,"href":"https:\/\/ftc-capital.com\/en\/wp-json\/wp\/v2\/media\/3148"}],"wp:attachment":[{"href":"https:\/\/ftc-capital.com\/en\/wp-json\/wp\/v2\/media?parent=3373"}],"curies":[{"name":"wp","href":"https:\/\/api.w.org\/{rel}","templated":true}]}}