{"id":3365,"date":"2025-08-04T14:27:31","date_gmt":"2025-08-04T12:27:31","guid":{"rendered":"https:\/\/ftc-capital.com\/?page_id=3365"},"modified":"2025-11-14T09:31:21","modified_gmt":"2025-11-14T08:31:21","slug":"wachstums-strategie","status":"publish","type":"page","link":"https:\/\/ftc-capital.com\/en\/wealth-management\/wachstums-strategie\/","title":{"rendered":"FTC Wachstums-Strategie"},"content":{"rendered":"\n<h1>\n\t\t\tFTC Wachstums-Strategie\t<\/h1>\n<h2>\n\t\t\tWachstum, das Sie wirklich reicher macht\t<\/h2>\n\t<p>Wer sein Verm\u00f6gen kaufkraftbereinigt vermehren und aufbauen will, ben\u00f6tigt eine dynamische Anlagestrategie mit Assets, die im Portfoliomix Renditen deutlich oberhalb der Inflation liefern.<\/p>\n\t\t\t\t\t<h2 id=\"fl-accordion--label-0\" tabindex=\"0\" aria-controls=\"fl-accordion--panel-0\">Wachstum ist Gefahren ausgesetzt<\/h2>\n\t\t\t\t\t\t\t\t\t\t\t<a href=\"#\" id=\"fl-accordion--icon-0\"  tabindex=\"0\"><i title=\"Collapse\">Collapse<\/i><\/a>\n\t\t\t\t\t<strong>Wirtschaftskrise und Kurseinbr\u00fcche<br \/>\n<\/strong>Ob man die Renditeerwartung der Aktienm\u00e4rkte der letzten Jahre auch zuk\u00fcnftig realisieren kann, ist keineswegs sicher. So lag der durchschnittliche Jahresertrag der globalen Aktienm\u00e4rkte in den letzten 25 Jahren bei unter 4 Prozent. Das lag zum einen am Platzen der Technologieblase 2001 und zum anderen an der Weltfinanzkrise ab 2008, die mit dem Zusammenbruch der New Yorker Lehman Bank begann. Beide Gro\u00dfereignisse f\u00fchrten zu hohen zwischenzeitlichen R\u00fcckschl\u00e4gen der Aktienm\u00e4rkte von um die 50 Prozent.\n<strong>Inflation &amp; Stagflation<\/strong><br \/>\nAber nicht nur hohe, zwischenzeitliche R\u00fcckschl\u00e4ge k\u00f6nnen einem auf Wachstum abzielenden Aktien-Portfolio schaden. Auch hohe Inflation gepaart mit einer schw\u00e4chelnden Wirtschaft ist ein giftiger Mix. So waren etwa die 1970er mit einer j\u00e4hrlichen Durchschnittsrendite von gerade einmal 2,7 Prozent pro Jahr und Inflationsraten von bis zu neun Prozent ein verlorenes Jahrzehnt.\n\t\t\t\t\t<h2 id=\"fl-accordion--label-0\" tabindex=\"0\" aria-controls=\"fl-accordion--panel-0\">L\u00f6sung: <br \/> Gesundes Wachstum hat viele Quellen<\/h2>\n\t\t\t\t\t\t\t\t\t\t\t<a href=\"#\" id=\"fl-accordion--icon-0\"  tabindex=\"0\"><i title=\"Collapse\">Collapse<\/i><\/a>\n\t\t\t\t\t<p>Aufgrund der vielen Unsicherheiten sind wir \u00fcberzeugt, dass auch ein Wachstums-Portfolio breite Diversifikation &#8211; mehr als die blo\u00dfe Streuung \u00fcber verschiedene Aktien hinaus. Managed Futures Strategien haben gute Chancen auf hohe Ertr\u00e4ge in Krisen-M\u00e4rkten und auch in inflation\u00e4ren Phasen. Zus\u00e4tzlich kann der Einsatz von Gold und Krypto-W\u00e4hrungen wie Bitcoin oder Ether in einem wachstumsorientierten Anlagemix g\u00fcnstig sein &#8211; insbesondere w\u00e4hrend Phasen erh\u00f6hter Inflationserwartung.<\/p>\n\t\t\t\t\t<h2 id=\"fl-accordion--label-0\" tabindex=\"0\" aria-controls=\"fl-accordion--panel-0\">FTC Wachstums-Strategie: <br \/> Viermal Wachstum in einem Portfolio<\/h2>\n\t\t\t\t\t\t\t\t\t\t\t<a href=\"#\" id=\"fl-accordion--icon-0\"  tabindex=\"0\"><i title=\"Collapse\">Collapse<\/i><\/a>\n\t\t\t\t\t<p>In der FTC-Wachstums-Strategie kombinieren wir vier Anlageklassen, um Wachstumschancen in jeder Marktlage zu erm\u00f6glichen:<\/p>\n<ul>\n<li>Aktien &#8211; als Fundament f\u00fcr langfristiges Kapitalwachstum<\/li>\n<li>Gold &#8211; als Wachstumsquelle selbst in Krisenzeiten<\/li>\n<li>Krypto &#8211; als zus\u00e4tzlicher Schutz und Wachstumstreiber in Phasen erh\u00f6hter Inflation<\/li>\n<li>Trendfolgende Strategien &#8211; mit Chancen auf hohe Ertr\u00e4ge in Krisen- und Inflationsphase<\/li>\n<\/ul>\n<h2>\n\t\t\tJetzt wachsen mit der FTC-Wachstumsstrategie\t<\/h2>\n\t<p>Sorgen Sie daf\u00fcr, dass Ihr Verm\u00f6gen wachsen kann.<\/p>\n\t\t\t\t\t<a href=\"#\"  id=\"fl-accordion--label-0\" tabindex=\"0\" aria-controls=\"fl-accordion--panel-0\">Die Wachstums-Strategie starten<\/a>\n\t\t\t\t\t\t\t\t\t\t\t<a href=\"#\" id=\"fl-accordion--icon-0\"  tabindex=\"0\"><i title=\"Expand\">Expand<\/i><\/a>\n\t\t\t\t\t<style id=\"wpforms-css-vars-3166\">\n\t\t\t\t#wpforms-3166 {\n\t\t\t\t\n\t\t\t}\n\t\t\t<\/style><div class=\"wpforms-container wpforms-container-full gm-form wpforms-render-modern\" id=\"wpforms-3166\"><form id=\"wpforms-form-3166\" class=\"wpforms-validate wpforms-form\" data-formid=\"3166\" method=\"post\" enctype=\"multipart\/form-data\" action=\"\/en\/wp-json\/wp\/v2\/pages\/3365\" data-token=\"506e8ef2c5497396877d20c118a746bb\" data-token-time=\"1777305945\"><noscript class=\"wpforms-error-noscript\">Please enable JavaScript in your browser to complete this form.<\/noscript><div id=\"wpforms-error-noscript\" style=\"display: none;\">Please enable JavaScript in your browser to complete this form.<\/div><div class=\"wpforms-field-container\"><div id=\"wpforms-3166-field_7-container\" class=\"wpforms-field wpforms-field-radio wpforms-list-inline wpforms-conditional-trigger\" data-field-id=\"7\"><fieldset><legend class=\"wpforms-field-label\">Jetzt R\u00fcckmeldung anfordern <span class=\"wpforms-required-label\" aria-hidden=\"true\">*<\/span><\/legend><ul id=\"wpforms-3166-field_7\" class=\"wpforms-field-required\"><li class=\"choice-1 depth-1\"><input type=\"radio\" id=\"wpforms-3166-field_7_1\" name=\"wpforms[fields][7]\" value=\"Rufen Sie mich zur\u00fcck\" aria-errormessage=\"wpforms-3166-field_7_1-error\" required ><label class=\"wpforms-field-label-inline\" for=\"wpforms-3166-field_7_1\">Rufen Sie mich zur\u00fcck<\/label><\/li><li class=\"choice-2 depth-1\"><input type=\"radio\" id=\"wpforms-3166-field_7_2\" name=\"wpforms[fields][7]\" value=\"Senden Sie mir Infos per E-Mail\" aria-errormessage=\"wpforms-3166-field_7_2-error\" required ><label class=\"wpforms-field-label-inline\" for=\"wpforms-3166-field_7_2\">Senden Sie mir Infos per E-Mail<\/label><\/li><\/ul><\/fieldset><\/div>\t\t<div id=\"wpforms-3166-field_4-container\"\n\t\t\tclass=\"wpforms-field wpforms-field-text\"\n\t\t\tdata-field-type=\"text\"\n\t\t\tdata-field-id=\"4\"\n\t\t\t>\n\t\t\t<label class=\"wpforms-field-label\" for=\"wpforms-3166-field_4\" >mich Wann Name<\/label>\n\t\t\t<input type=\"text\" id=\"wpforms-3166-field_4\" class=\"wpforms-field-medium\" name=\"wpforms[fields][4]\" >\n\t\t<\/div>\n\t\t<div id=\"wpforms-3166-field_10-container\" class=\"wpforms-field wpforms-field-checkbox wpforms-list-inline\" data-field-id=\"10\"><fieldset><legend class=\"wpforms-field-label\">Ich interessiere mich f\u00fcr\u2026 <span class=\"wpforms-required-label\" aria-hidden=\"true\">*<\/span><\/legend><ul id=\"wpforms-3166-field_10\" class=\"wpforms-randomize wpforms-field-required\"><li class=\"choice-1 depth-1\"><input type=\"checkbox\" id=\"wpforms-3166-field_10_1\" name=\"wpforms[fields][10][]\" value=\"Generationen-Strategie\" aria-errormessage=\"wpforms-3166-field_10_1-error\" required ><label class=\"wpforms-field-label-inline\" for=\"wpforms-3166-field_10_1\">Generationen-Strategie<\/label><\/li><li class=\"choice-2 depth-1\"><input type=\"checkbox\" id=\"wpforms-3166-field_10_2\" name=\"wpforms[fields][10][]\" value=\"Wachstums-Strategien\" aria-errormessage=\"wpforms-3166-field_10_2-error\" required ><label class=\"wpforms-field-label-inline\" for=\"wpforms-3166-field_10_2\">Wachstums-Strategien<\/label><\/li><li class=\"choice-3 depth-1\"><input type=\"checkbox\" id=\"wpforms-3166-field_10_3\" name=\"wpforms[fields][10][]\" value=\"Income-Strategie\" aria-errormessage=\"wpforms-3166-field_10_3-error\" required ><label class=\"wpforms-field-label-inline\" for=\"wpforms-3166-field_10_3\">Income-Strategie<\/label><\/li><li class=\"choice-5 depth-1\"><input type=\"checkbox\" id=\"wpforms-3166-field_10_5\" name=\"wpforms[fields][10][]\" value=\"Diversifikations-Strategie\" aria-errormessage=\"wpforms-3166-field_10_5-error\" required ><label class=\"wpforms-field-label-inline\" for=\"wpforms-3166-field_10_5\">Diversifikations-Strategie<\/label><\/li><li class=\"choice-6 depth-1\"><input type=\"checkbox\" id=\"wpforms-3166-field_10_6\" name=\"wpforms[fields][10][]\" value=\"Moonshot-Strategie\" aria-errormessage=\"wpforms-3166-field_10_6-error\" required ><label class=\"wpforms-field-label-inline\" for=\"wpforms-3166-field_10_6\">Moonshot-Strategie<\/label><\/li><li class=\"choice-4 depth-1\"><input type=\"checkbox\" id=\"wpforms-3166-field_10_4\" name=\"wpforms[fields][10][]\" value=\"Individuelle Verm\u00f6gensverwaltung\" aria-errormessage=\"wpforms-3166-field_10_4-error\" required ><label class=\"wpforms-field-label-inline\" for=\"wpforms-3166-field_10_4\">Individuelle Verm\u00f6gensverwaltung<\/label><\/li><\/ul><\/fieldset><\/div><div id=\"wpforms-3166-field_0-container\" class=\"wpforms-field wpforms-field-name\" data-field-id=\"0\"><fieldset><legend class=\"wpforms-field-label\">Name <span class=\"wpforms-required-label\" aria-hidden=\"true\">*<\/span><\/legend><div class=\"wpforms-field-row wpforms-field-large\"><div class=\"wpforms-field-row-block wpforms-first wpforms-one-half\"><input type=\"text\" id=\"wpforms-3166-field_0\" class=\"wpforms-field-name-first wpforms-field-required\" name=\"wpforms[fields][0][first]\" aria-errormessage=\"wpforms-3166-field_0-error\" required><label for=\"wpforms-3166-field_0\" class=\"wpforms-field-sublabel after\">First<\/label><\/div><div class=\"wpforms-field-row-block wpforms-one-half\"><input type=\"text\" id=\"wpforms-3166-field_0-last\" class=\"wpforms-field-name-last wpforms-field-required\" name=\"wpforms[fields][0][last]\" aria-errormessage=\"wpforms-3166-field_0-last-error\" required><label for=\"wpforms-3166-field_0-last\" class=\"wpforms-field-sublabel after\">Last<\/label><\/div><\/div><\/fieldset><\/div><div id=\"wpforms-3166-field_11-container\" class=\"wpforms-field wpforms-field-phone wpforms-conditional-field wpforms-conditional-show\" data-field-id=\"11\" style=\"display:none;\"><label class=\"wpforms-field-label\" for=\"wpforms-3166-field_11\">Telefonnummer <span class=\"wpforms-required-label\" aria-hidden=\"true\">*<\/span><\/label><input type=\"tel\" id=\"wpforms-3166-field_11\" class=\"wpforms-field-large wpforms-field-required\" data-rule-int-phone-field=\"true\" name=\"wpforms[fields][11]\" aria-label=\"Telefonnummer\" aria-errormessage=\"wpforms-3166-field_11-error\" required><\/div><div id=\"wpforms-3166-field_1-container\" class=\"wpforms-field wpforms-field-email wpforms-conditional-field wpforms-conditional-show\" data-field-id=\"1\" style=\"display:none;\"><label class=\"wpforms-field-label\" for=\"wpforms-3166-field_1\">E-Mail <span class=\"wpforms-required-label\" aria-hidden=\"true\">*<\/span><\/label><input type=\"email\" id=\"wpforms-3166-field_1\" class=\"wpforms-field-large wpforms-field-required\" name=\"wpforms[fields][1]\" spellcheck=\"false\" aria-errormessage=\"wpforms-3166-field_1-error\" required><\/div><div id=\"wpforms-3166-field_2-container\" class=\"wpforms-field wpforms-field-textarea\" data-field-id=\"2\"><label class=\"wpforms-field-label\" for=\"wpforms-3166-field_2\">Nachricht<\/label><textarea id=\"wpforms-3166-field_2\" class=\"wpforms-field-medium\" name=\"wpforms[fields][2]\" aria-errormessage=\"wpforms-3166-field_2-error\" ><\/textarea><\/div><div id=\"wpforms-3166-field_9-container\" class=\"wpforms-field wpforms-field-radio wpforms-list-inline wpforms-conditional-field wpforms-conditional-show wpforms-conditional-trigger\" data-field-id=\"9\" style=\"display:none;\"><fieldset><legend class=\"wpforms-field-label\">Wann m\u00f6chten Sie mit uns sprechen? <span class=\"wpforms-required-label\" aria-hidden=\"true\">*<\/span><\/legend><ul id=\"wpforms-3166-field_9\" class=\"wpforms-field-required\"><li class=\"choice-1 depth-1\"><input type=\"radio\" id=\"wpforms-3166-field_9_1\" name=\"wpforms[fields][9]\" value=\"So schnell wie m\u00f6glich\" aria-errormessage=\"wpforms-3166-field_9_1-error\" required ><label class=\"wpforms-field-label-inline\" for=\"wpforms-3166-field_9_1\">So schnell wie m\u00f6glich<\/label><\/li><li class=\"choice-2 depth-1\"><input type=\"radio\" id=\"wpforms-3166-field_9_2\" name=\"wpforms[fields][9]\" value=\"Zu einem bestimmten Termin\" aria-errormessage=\"wpforms-3166-field_9_2-error\" required ><label class=\"wpforms-field-label-inline\" for=\"wpforms-3166-field_9_2\">Zu einem bestimmten Termin<\/label><\/li><\/ul><\/fieldset><\/div><div id=\"wpforms-3166-field_12-container\" class=\"wpforms-field wpforms-field-date-time wpforms-conditional-field wpforms-conditional-show\" data-field-id=\"12\" style=\"display:none;\"><fieldset><legend class=\"wpforms-field-label\">Datum \/ Zeit <span class=\"wpforms-required-label\" aria-hidden=\"true\">*<\/span><\/legend><div class=\"wpforms-field-row wpforms-field-large\"><div class=\"wpforms-field-row-block wpforms-date-type-datepicker\"><div class=\"wpforms-datepicker-wrap\"><input type=\"text\" id=\"wpforms-3166-field_12\" class=\"wpforms-field-date-time-date wpforms-datepicker wpforms-field-required\" data-date-format=\"d\/m\/Y\" data-limit-days=\"mon,tue,wed,thu,fri\" data-disable-past-dates=\"1\" data-disable-todays-date=\"0\" data-input=\"true\" name=\"wpforms[fields][12][date]\" aria-errormessage=\"wpforms-3166-field_12-error\" required><a title=\"Clear Date\" data-clear role=\"button\" tabindex=\"0\" class=\"wpforms-datepicker-clear\" aria-label=\"Clear Date\" style=\"display:none;\"><\/a><\/div><label for=\"wpforms-3166-field_12\" class=\"wpforms-field-sublabel after\">Date<\/label><\/div><div class=\"wpforms-field-row-block\"><input type=\"text\" id=\"wpforms-3166-field_12-time\" class=\"wpforms-field-date-time-time wpforms-timepicker wpforms-field-required\" data-time-format=\"H:i\" data-step=\"30\" data-rule-time24h=\"true\" data-min-time=\"09:00\" data-max-time=\"18:00\" data-rule-time-limit=\"true\" name=\"wpforms[fields][12][time]\" aria-errormessage=\"wpforms-3166-field_12-time-error\" required><label for=\"wpforms-3166-field_12-time\" class=\"wpforms-field-sublabel after\">Time<\/label><\/div><\/div><\/fieldset><\/div><div id=\"wpforms-3166-field_3-container\" class=\"wpforms-field wpforms-field-checkbox\" data-field-id=\"3\"><fieldset><legend class=\"wpforms-field-label\">Datenschutz <span class=\"wpforms-required-label\" aria-hidden=\"true\">*<\/span><\/legend><ul id=\"wpforms-3166-field_3\" class=\"wpforms-field-required\"><li class=\"choice-1 depth-1\"><input type=\"checkbox\" id=\"wpforms-3166-field_3_1\" name=\"wpforms[fields][3][]\" value=\"Ich bin mit den &lt;a href=&quot;https:\/\/ftc-capital.comdatenschutz&quot;&gt;Datenschutzvereinbarungen&lt;\/a&gt; einverstanden.\" aria-errormessage=\"wpforms-3166-field_3_1-error\" aria-describedby=\"wpforms-3166-field_3-description\" required ><label class=\"wpforms-field-label-inline\" for=\"wpforms-3166-field_3_1\">Ich bin mit den <a href=\"https:\/\/ftc-capital.comdatenschutz\">Datenschutzvereinbarungen<\/a> einverstanden.<\/label><\/li><\/ul><div id=\"wpforms-3166-field_3-description\" class=\"wpforms-field-description\">Und ich erteile meine Zustimmung daf\u00fcr, dass Sie mich mit aktuellen Informationen \u00fcber Ihre Produkte und Dienstleistungen per E-Mail an die von mir angegebene E-Mail Adresse und, falls im Formular angegeben, telefonisch versorgen d\u00fcrfen. Ich kann meine Einwilligung jederzeit und ohne Angabe von Gr\u00fcnden per E-Mail an office@ftc.at widerrufen. Au\u00dferdem finde ich in jeder Marketing-E-Mail dazu einen Abmeldelink, mit dem ich meine Einwilligung widerrufen kann.<\/div><\/fieldset><\/div><script>\n\t\t\t\t( function() {\n\t\t\t\t\tconst style = document.createElement( 'style' );\n\t\t\t\t\tstyle.appendChild( document.createTextNode( '#wpforms-3166-field_4-container { position: absolute !important; overflow: hidden !important; display: inline !important; height: 1px !important; width: 1px !important; z-index: -1000 !important; padding: 0 !important; } #wpforms-3166-field_4-container input { visibility: hidden; } #wpforms-conversational-form-page #wpforms-3166-field_4-container label { counter-increment: none; }' ) );\n\t\t\t\t\tdocument.head.appendChild( style );\n\t\t\t\t\tdocument.currentScript?.remove();\n\t\t\t\t} )();\n\t\t\t<\/script><\/div><!-- .wpforms-field-container --><div class=\"wpforms-recaptcha-container wpforms-is-recaptcha wpforms-is-recaptcha-type-v2\" ><div class=\"g-recaptcha\" data-sitekey=\"6LcjAwYbAAAAAGa5Yhh3ZyiUQmlMbWVyZNPyfVHU\"><\/div><input type=\"text\" name=\"g-recaptcha-hidden\" class=\"wpforms-recaptcha-hidden\" style=\"position:absolute!important;clip:rect(0,0,0,0)!important;height:1px!important;width:1px!important;border:0!important;overflow:hidden!important;padding:0!important;margin:0!important;\" data-rule-recaptcha=\"1\"><\/div><div class=\"wpforms-submit-container\" ><input type=\"hidden\" name=\"wpforms[id]\" value=\"3166\"><input type=\"hidden\" name=\"page_title\" value=\"\"><input type=\"hidden\" name=\"page_url\" value=\"https:\/\/ftc-capital.com\/en\/wp-json\/wp\/v2\/pages\/3365\"><input type=\"hidden\" name=\"url_referer\" value=\"\"><button type=\"submit\" name=\"wpforms[submit]\" id=\"wpforms-submit-3166\" class=\"wpforms-submit gm-form-btn\" data-alt-text=\"Senden...\" data-submit-text=\"Absenden\" aria-live=\"assertive\" value=\"wpforms-submit\">Absenden<\/button><\/div><\/form><\/div>  <!-- .wpforms-container -->\n\n","protected":false},"excerpt":{"rendered":"<p>FTC Wachstums-Strategie Wachstum, das Sie wirklich reicher macht Wer sein Verm\u00f6gen kaufkraftbereinigt vermehren und aufbauen will, ben\u00f6tigt eine dynamische Anlagestrategie mit Assets, die im Portfoliomix Renditen deutlich oberhalb der Inflation liefern. Wachstum ist Gefahren ausgesetzt Collapse Wirtschaftskrise und Kurseinbr\u00fcche Ob man die Renditeerwartung der Aktienm\u00e4rkte der letzten Jahre auch zuk\u00fcnftig realisieren kann, ist keineswegs sicher.&hellip;<\/p>\n","protected":false},"author":10,"featured_media":3047,"parent":995,"menu_order":0,"comment_status":"closed","ping_status":"closed","template":"","meta":{"inline_featured_image":false,"footnotes":""},"class_list":["post-3365","page","type-page","status-publish","has-post-thumbnail","hentry"],"_links":{"self":[{"href":"https:\/\/ftc-capital.com\/en\/wp-json\/wp\/v2\/pages\/3365","targetHints":{"allow":["GET"]}}],"collection":[{"href":"https:\/\/ftc-capital.com\/en\/wp-json\/wp\/v2\/pages"}],"about":[{"href":"https:\/\/ftc-capital.com\/en\/wp-json\/wp\/v2\/types\/page"}],"author":[{"embeddable":true,"href":"https:\/\/ftc-capital.com\/en\/wp-json\/wp\/v2\/users\/10"}],"replies":[{"embeddable":true,"href":"https:\/\/ftc-capital.com\/en\/wp-json\/wp\/v2\/comments?post=3365"}],"version-history":[{"count":41,"href":"https:\/\/ftc-capital.com\/en\/wp-json\/wp\/v2\/pages\/3365\/revisions"}],"predecessor-version":[{"id":4227,"href":"https:\/\/ftc-capital.com\/en\/wp-json\/wp\/v2\/pages\/3365\/revisions\/4227"}],"up":[{"embeddable":true,"href":"https:\/\/ftc-capital.com\/en\/wp-json\/wp\/v2\/pages\/995"}],"wp:featuredmedia":[{"embeddable":true,"href":"https:\/\/ftc-capital.com\/en\/wp-json\/wp\/v2\/media\/3047"}],"wp:attachment":[{"href":"https:\/\/ftc-capital.com\/en\/wp-json\/wp\/v2\/media?parent=3365"}],"curies":[{"name":"wp","href":"https:\/\/api.w.org\/{rel}","templated":true}]}}