{"id":3360,"date":"2025-08-04T14:10:24","date_gmt":"2025-08-04T12:10:24","guid":{"rendered":"https:\/\/ftc-capital.com\/?page_id=3360"},"modified":"2025-11-14T09:34:15","modified_gmt":"2025-11-14T08:34:15","slug":"generationen-strategien","status":"publish","type":"page","link":"https:\/\/ftc-capital.com\/en\/wealth-management\/generationen-strategien\/","title":{"rendered":"FTC Generationen-Strategien"},"content":{"rendered":"\n<h1>\n\t\t\tFTC Generationen-<br \/>Strategie\t<\/h1>\n<h2>\n\t\t\tVerm\u00f6gen erhalten.<br \/>F\u00fcr Generationen.\t<\/h2>\n\t<p>Wenn es um das Verm\u00f6gens-Management geht, sehen die meisten Menschen haupts\u00e4chlich die n\u00e4here Vergangenheit und neigen dazu, diese fortzuschreiben.<\/p>\n<p>Doch die n\u00e4chsten 20-30 Jahre werden von einer neuen Wirtschaftsordnung gepr\u00e4gt sein, die neue Gedanken f\u00fcr Ihr Investment erfordern<\/p>\n<p><strong>Bei der Umsetzung der Generationen-Strategie denken wir daher immer \u00fcber die unterschiedlichsten Szenarien nach. Daraus entwickeln wir L\u00f6sungen, um die verwalteten Verm\u00f6gen f\u00fcr Generationen zu sch\u00fctzen.<\/strong><\/p>\n\t\t\t\t\t<h2 id=\"fl-accordion--label-0\" tabindex=\"0\" aria-controls=\"fl-accordion--panel-0\">Das Ziel:<br \/>Kaufkrafterhalt als Minimum<\/h2>\n\t\t\t\t\t\t\t\t\t\t\t<a href=\"#\" id=\"fl-accordion--icon-0\"  tabindex=\"0\"><i title=\"Collapse\">Collapse<\/i><\/a>\n\t\t\t\t\t<p>Die Generationen-Strategie ist das Fundament eines Verm\u00f6gens: Verm\u00f6gens- und Kaufkrafterhalt, Stabilit\u00e4t und geringe R\u00fcckschl\u00e4ge sind hier wichtiger als hohe Renditen.<\/p>\n<p>Das Minimalziel besteht daher darin, \u00fcber einen Zeitraum einer Generation zumindest eine Rendite in der H\u00f6he der Eurozonen-Inflation zu erwirtschaften. Und zwar bei einem deutlich reduzierten R\u00fcckschlags- und Schwankungs-Risiko gegen\u00fcber einem traditionellen Aktien-Anleihen-Portfolio.<\/p>\n\t\t\t\t\t<h2 id=\"fl-accordion--label-0\" tabindex=\"0\" aria-controls=\"fl-accordion--panel-0\">Die Herausforderung:<br \/>Verm\u00f6gen gegen Gefahren der Zukunft sichern<\/h2>\n\t\t\t\t\t\t\t\t\t\t\t<a href=\"#\" id=\"fl-accordion--icon-0\"  tabindex=\"0\"><i title=\"Collapse\">Collapse<\/i><\/a>\n\t\t\t\t\t<p>Die Jahrzehnte von den 1980ern bis Ende der 2010er waren von einem sekul\u00e4ren Aufw\u00e4rtsmarkt an den Aktienb\u00f6rsen und sinkenden Zinsen gepr\u00e4gt. Das sorgte f\u00fcr eine stabile Umgebung, in der sich traditionelle Portfolios sehr gut entwickeln konnten. Doch die klassischen Erfolgsfaktoren wie globaler Handel, g\u00fcnstiges Zinsumfeld, niedrige Inflation br\u00f6ckeln. Auf lange Sicht drohen u. a.:<\/p>\n<ul>\n<li>Inflation &amp; Kaufkraftverlust<\/li>\n<li>Handelskonflikte &amp; Fragmentierung<\/li>\n<li>Geopolitische Unsicherheit<\/li>\n<li>Disruptive Technologien<\/li>\n<li>Zinsanstieg &amp; Rezessionsrisiken<\/li>\n<\/ul>\n\t\t\t\t\t<h2 id=\"fl-accordion--label-0\" tabindex=\"0\" aria-controls=\"fl-accordion--panel-0\">Die Antwort:<br \/>Mehr Anlageklassen f\u00fcr mehr Verm\u00f6gensschutz<\/h2>\n\t\t\t\t\t\t\t\t\t\t\t<a href=\"#\" id=\"fl-accordion--icon-0\"  tabindex=\"0\"><i title=\"Collapse\">Collapse<\/i><\/a>\n\t\t\t\t\t<p>&#8220;Konservative&#8221; Strategien bestehen meist darin, mehr Geld in Anleihen zu stecken. Das mag sich vielleicht sicher anf\u00fchlen, erh\u00f6ht aber die Risiken. Vor allem das Risiko des realen Wertverlusts Ihres Verm\u00f6gens. Die FTC Generationen-Strategie setzt daher auf verschiedene Anlageklassen. Jede einzelne erf\u00fcllt dabei eine spezifische Aufgabe zum Schutz Ihres Verm\u00f6gens.<\/p>\n<p>Im Zusammenspiel ergibt sich ein sehr breit diversifiziertes Portfolio, das in jeder Marktlage die Chance auf positive Renditen hat.<\/p>\n<ul>\n<li>Aktien f\u00fcr langfristiges, solides Wachstum<\/li>\n<li>Anleihen &amp; Liquidit\u00e4t als Puffer bei R\u00fcckschl\u00e4gen<\/li>\n<li>Edelmetalle &amp; Rohstoffe als Inflationsschutz<\/li>\n<li>Trendfolgende Strategie k\u00f6nnen auch in Abw\u00e4rtsm\u00e4rkten Profite generieren<\/li>\n<li>Volatilit\u00e4tsstrategien sind die &#8220;Versicherungspolice&#8221; Ihres Portfolios bei Marktturbulenzen<\/li>\n<li>Exklusiv im <a href=\"https:\/\/ftc-capital.com\/gm-fonds-uebersicht\/gm-fonds-generation-fund\/\" target=\"_blank\" rel=\"noopener\">FTC Generation Fund:<\/a> Global Macro-Strategien nutzen situativ Marktchancen \u00fcber alle Anlageklassen aus<\/li>\n<\/ul>\n\t\t\t\t\t<h2 id=\"fl-accordion--label-0\" tabindex=\"0\" aria-controls=\"fl-accordion--panel-0\">Ihre Vorteile: <br \/>Breit diversifizierter Schutz f\u00fcr Ihr Verm\u00f6gen<\/h2>\n\t\t\t\t\t\t\t\t\t\t\t<a href=\"#\" id=\"fl-accordion--icon-0\"  tabindex=\"0\"><i title=\"Collapse\">Collapse<\/i><\/a>\n\t\t\t\t\t<p>Die Generationen-Strategie zielt darauf ab, Ihr Verm\u00f6gen f\u00fcr die n\u00e4chste Generation zu erhalten:<\/p>\n<ul>\n<li>Robuste Rendite, um Ihr Verm\u00f6gen auch auf l\u00e4ngste Sicht vor Wertverlust zu sch\u00fctzen<\/li>\n<li>Geringe Volatilit\u00e4t f\u00fcr stabile Entwicklung<\/li>\n<li>Begrenzte Drawdowns zur Krisenfestigkeit<\/li>\n<li>Geringe Korrelation zwischen den Anlageklassen<\/li>\n<li>Hohe Liquidit\u00e4t f\u00fcr jederzeitigen Zugriff<\/li>\n<\/ul>\n\t\t\t\t\t<h2 id=\"fl-accordion--label-0\" tabindex=\"0\" aria-controls=\"fl-accordion--panel-0\">F\u00fcr alle, die weiter denken<\/h2>\n\t\t\t\t\t\t\t\t\t\t\t<a href=\"#\" id=\"fl-accordion--icon-0\"  tabindex=\"0\"><i title=\"Collapse\">Collapse<\/i><\/a>\n\t\t\t\t\t<ul>\n<li>Privatpersonen, die auf den Ruhezustand zugehen.<\/li>\n<li>Anleger, die Ihr Verm\u00f6gen sch\u00fctzen und bewahren m\u00f6chten<\/li>\n<li>Eltern, die ihr Verm\u00f6gen f\u00fcr die n\u00e4chste Generation erhalten m\u00f6chten<\/li>\n<li>Anleger, die einen Anleihen-Ersatz suchen, der bessere Rendite bei etwa gleichem Schwankungsrisiko erzielen kann<\/li>\n<li>Stiftungen, f\u00fcr die Stabilit\u00e4t vor Renditemaximierung geht<\/li>\n<\/ul>\n<h2>\n\t\t\tAls Fonds oder als aktiv gemanagtes Portfolio &#8211;<br \/>wie m\u00f6chten Sie Ihr Verm\u00f6gen lieber sch\u00fctzen?\t<\/h2>\n\t<p>Die Generationen-Strategie von FTC ist in mehreren Varianten investierbar: Zum einen als Alternativer Investmentfonds (AIF) f\u00fcr qualifizierte, bzw. professionelle Anleger. In diesem Fall profitieren Sie zus\u00e4tzlich von den integrierten Global Macro Strategien.<\/p>\n\t\t\t<a href=\"https:\/\/ftc-capital.com\/fonds\/ftc-generation-fund\/\" target=\"_blank\" rel=\"noopener\">\n\t\t\t\t\t\t\tMehr zum Generation Fund\n\t\t\t\t\t<\/a>\n\t<p>F\u00fcr alle Privatanleger mit einem Investitionsbetrag ab 100.000 \u20ac bieten wir die FTC Generationen-Strategie auch als aktiv gemanagtes Portfolio im Rahmen eines Verm\u00f6gensverwaltungs-Mandats an. Dabei werden die einzelnen Anlageklassen kosteng\u00fcnstig durch ETFs und andere Investmentfonds abgebildet.<\/p>\n\t\t\t\t\t<a href=\"#\"  id=\"fl-accordion--label-0\" tabindex=\"0\" aria-controls=\"fl-accordion--panel-0\">Die Generationen-Strategie starten<\/a>\n\t\t\t\t\t\t\t\t\t\t\t<a href=\"#\" id=\"fl-accordion--icon-0\"  tabindex=\"0\"><i title=\"Expand\">Expand<\/i><\/a>\n\t\t\t\t\t<style id=\"wpforms-css-vars-3166\">\n\t\t\t\t#wpforms-3166 {\n\t\t\t\t\n\t\t\t}\n\t\t\t<\/style><div class=\"wpforms-container wpforms-container-full gm-form wpforms-render-modern\" id=\"wpforms-3166\"><form id=\"wpforms-form-3166\" class=\"wpforms-validate wpforms-form\" data-formid=\"3166\" method=\"post\" enctype=\"multipart\/form-data\" action=\"\/en\/wp-json\/wp\/v2\/pages\/3360\" data-token=\"506e8ef2c5497396877d20c118a746bb\" data-token-time=\"1777305091\"><noscript class=\"wpforms-error-noscript\">Please enable JavaScript in your browser to complete this form.<\/noscript><div id=\"wpforms-error-noscript\" style=\"display: none;\">Please enable JavaScript in your browser to complete this form.<\/div><div class=\"wpforms-field-container\"><div id=\"wpforms-3166-field_7-container\" class=\"wpforms-field wpforms-field-radio wpforms-list-inline wpforms-conditional-trigger\" data-field-id=\"7\"><fieldset><legend class=\"wpforms-field-label\">Jetzt R\u00fcckmeldung anfordern <span class=\"wpforms-required-label\" aria-hidden=\"true\">*<\/span><\/legend><ul id=\"wpforms-3166-field_7\" class=\"wpforms-field-required\"><li class=\"choice-1 depth-1\"><input type=\"radio\" id=\"wpforms-3166-field_7_1\" name=\"wpforms[fields][7]\" value=\"Rufen Sie mich zur\u00fcck\" aria-errormessage=\"wpforms-3166-field_7_1-error\" required ><label class=\"wpforms-field-label-inline\" for=\"wpforms-3166-field_7_1\">Rufen Sie mich zur\u00fcck<\/label><\/li><li class=\"choice-2 depth-1\"><input type=\"radio\" id=\"wpforms-3166-field_7_2\" name=\"wpforms[fields][7]\" value=\"Senden Sie mir Infos per E-Mail\" aria-errormessage=\"wpforms-3166-field_7_2-error\" required ><label class=\"wpforms-field-label-inline\" for=\"wpforms-3166-field_7_2\">Senden Sie mir Infos per E-Mail<\/label><\/li><\/ul><\/fieldset><\/div><div id=\"wpforms-3166-field_10-container\" class=\"wpforms-field wpforms-field-checkbox wpforms-list-inline\" data-field-id=\"10\"><fieldset><legend class=\"wpforms-field-label\">Ich interessiere mich f\u00fcr\u2026 <span class=\"wpforms-required-label\" aria-hidden=\"true\">*<\/span><\/legend><ul id=\"wpforms-3166-field_10\" class=\"wpforms-randomize wpforms-field-required\"><li class=\"choice-1 depth-1\"><input type=\"checkbox\" id=\"wpforms-3166-field_10_1\" name=\"wpforms[fields][10][]\" value=\"Generationen-Strategie\" aria-errormessage=\"wpforms-3166-field_10_1-error\" required ><label class=\"wpforms-field-label-inline\" for=\"wpforms-3166-field_10_1\">Generationen-Strategie<\/label><\/li><li class=\"choice-2 depth-1\"><input type=\"checkbox\" id=\"wpforms-3166-field_10_2\" name=\"wpforms[fields][10][]\" value=\"Wachstums-Strategien\" aria-errormessage=\"wpforms-3166-field_10_2-error\" required ><label class=\"wpforms-field-label-inline\" for=\"wpforms-3166-field_10_2\">Wachstums-Strategien<\/label><\/li><li class=\"choice-3 depth-1\"><input type=\"checkbox\" id=\"wpforms-3166-field_10_3\" name=\"wpforms[fields][10][]\" value=\"Income-Strategie\" aria-errormessage=\"wpforms-3166-field_10_3-error\" required ><label class=\"wpforms-field-label-inline\" for=\"wpforms-3166-field_10_3\">Income-Strategie<\/label><\/li><li class=\"choice-5 depth-1\"><input type=\"checkbox\" id=\"wpforms-3166-field_10_5\" name=\"wpforms[fields][10][]\" value=\"Diversifikations-Strategie\" aria-errormessage=\"wpforms-3166-field_10_5-error\" required ><label class=\"wpforms-field-label-inline\" for=\"wpforms-3166-field_10_5\">Diversifikations-Strategie<\/label><\/li><li class=\"choice-6 depth-1\"><input type=\"checkbox\" id=\"wpforms-3166-field_10_6\" name=\"wpforms[fields][10][]\" value=\"Moonshot-Strategie\" aria-errormessage=\"wpforms-3166-field_10_6-error\" required ><label class=\"wpforms-field-label-inline\" for=\"wpforms-3166-field_10_6\">Moonshot-Strategie<\/label><\/li><li class=\"choice-4 depth-1\"><input type=\"checkbox\" id=\"wpforms-3166-field_10_4\" name=\"wpforms[fields][10][]\" value=\"Individuelle Verm\u00f6gensverwaltung\" aria-errormessage=\"wpforms-3166-field_10_4-error\" required ><label class=\"wpforms-field-label-inline\" for=\"wpforms-3166-field_10_4\">Individuelle Verm\u00f6gensverwaltung<\/label><\/li><\/ul><\/fieldset><\/div><div id=\"wpforms-3166-field_0-container\" class=\"wpforms-field wpforms-field-name\" data-field-id=\"0\"><fieldset><legend class=\"wpforms-field-label\">Name <span class=\"wpforms-required-label\" aria-hidden=\"true\">*<\/span><\/legend><div class=\"wpforms-field-row wpforms-field-large\"><div class=\"wpforms-field-row-block wpforms-first wpforms-one-half\"><input type=\"text\" id=\"wpforms-3166-field_0\" class=\"wpforms-field-name-first wpforms-field-required\" name=\"wpforms[fields][0][first]\" aria-errormessage=\"wpforms-3166-field_0-error\" required><label for=\"wpforms-3166-field_0\" class=\"wpforms-field-sublabel after\">First<\/label><\/div><div class=\"wpforms-field-row-block wpforms-one-half\"><input type=\"text\" id=\"wpforms-3166-field_0-last\" class=\"wpforms-field-name-last wpforms-field-required\" name=\"wpforms[fields][0][last]\" aria-errormessage=\"wpforms-3166-field_0-last-error\" required><label for=\"wpforms-3166-field_0-last\" class=\"wpforms-field-sublabel after\">Last<\/label><\/div><\/div><\/fieldset><\/div><div id=\"wpforms-3166-field_11-container\" class=\"wpforms-field wpforms-field-phone wpforms-conditional-field wpforms-conditional-show\" data-field-id=\"11\" style=\"display:none;\"><label class=\"wpforms-field-label\" for=\"wpforms-3166-field_11\">Telefonnummer <span class=\"wpforms-required-label\" aria-hidden=\"true\">*<\/span><\/label><input type=\"tel\" id=\"wpforms-3166-field_11\" class=\"wpforms-field-large wpforms-field-required\" data-rule-int-phone-field=\"true\" name=\"wpforms[fields][11]\" aria-label=\"Telefonnummer\" aria-errormessage=\"wpforms-3166-field_11-error\" required><\/div><div id=\"wpforms-3166-field_1-container\" class=\"wpforms-field wpforms-field-email wpforms-conditional-field wpforms-conditional-show\" data-field-id=\"1\" style=\"display:none;\"><label class=\"wpforms-field-label\" for=\"wpforms-3166-field_1\">E-Mail <span class=\"wpforms-required-label\" aria-hidden=\"true\">*<\/span><\/label><input type=\"email\" id=\"wpforms-3166-field_1\" class=\"wpforms-field-large wpforms-field-required\" name=\"wpforms[fields][1]\" spellcheck=\"false\" aria-errormessage=\"wpforms-3166-field_1-error\" required><\/div>\t\t<div id=\"wpforms-3166-field_4-container\"\n\t\t\tclass=\"wpforms-field wpforms-field-text\"\n\t\t\tdata-field-type=\"text\"\n\t\t\tdata-field-id=\"4\"\n\t\t\t>\n\t\t\t<label class=\"wpforms-field-label\" for=\"wpforms-3166-field_4\" >mich \/ mit<\/label>\n\t\t\t<input type=\"text\" id=\"wpforms-3166-field_4\" class=\"wpforms-field-medium\" name=\"wpforms[fields][4]\" >\n\t\t<\/div>\n\t\t<div id=\"wpforms-3166-field_2-container\" class=\"wpforms-field wpforms-field-textarea\" data-field-id=\"2\"><label class=\"wpforms-field-label\" for=\"wpforms-3166-field_2\">Nachricht<\/label><textarea id=\"wpforms-3166-field_2\" class=\"wpforms-field-medium\" name=\"wpforms[fields][2]\" aria-errormessage=\"wpforms-3166-field_2-error\" ><\/textarea><\/div><div id=\"wpforms-3166-field_9-container\" class=\"wpforms-field wpforms-field-radio wpforms-list-inline wpforms-conditional-field wpforms-conditional-show wpforms-conditional-trigger\" data-field-id=\"9\" style=\"display:none;\"><fieldset><legend class=\"wpforms-field-label\">Wann m\u00f6chten Sie mit uns sprechen? <span class=\"wpforms-required-label\" aria-hidden=\"true\">*<\/span><\/legend><ul id=\"wpforms-3166-field_9\" class=\"wpforms-field-required\"><li class=\"choice-1 depth-1\"><input type=\"radio\" id=\"wpforms-3166-field_9_1\" name=\"wpforms[fields][9]\" value=\"So schnell wie m\u00f6glich\" aria-errormessage=\"wpforms-3166-field_9_1-error\" required ><label class=\"wpforms-field-label-inline\" for=\"wpforms-3166-field_9_1\">So schnell wie m\u00f6glich<\/label><\/li><li class=\"choice-2 depth-1\"><input type=\"radio\" id=\"wpforms-3166-field_9_2\" name=\"wpforms[fields][9]\" value=\"Zu einem bestimmten Termin\" aria-errormessage=\"wpforms-3166-field_9_2-error\" required ><label class=\"wpforms-field-label-inline\" for=\"wpforms-3166-field_9_2\">Zu einem bestimmten Termin<\/label><\/li><\/ul><\/fieldset><\/div><div id=\"wpforms-3166-field_12-container\" class=\"wpforms-field wpforms-field-date-time wpforms-conditional-field wpforms-conditional-show\" data-field-id=\"12\" style=\"display:none;\"><fieldset><legend class=\"wpforms-field-label\">Datum \/ Zeit <span class=\"wpforms-required-label\" aria-hidden=\"true\">*<\/span><\/legend><div class=\"wpforms-field-row wpforms-field-large\"><div class=\"wpforms-field-row-block wpforms-date-type-datepicker\"><div class=\"wpforms-datepicker-wrap\"><input type=\"text\" id=\"wpforms-3166-field_12\" class=\"wpforms-field-date-time-date wpforms-datepicker wpforms-field-required\" data-date-format=\"d\/m\/Y\" data-limit-days=\"mon,tue,wed,thu,fri\" data-disable-past-dates=\"1\" data-disable-todays-date=\"0\" data-input=\"true\" name=\"wpforms[fields][12][date]\" aria-errormessage=\"wpforms-3166-field_12-error\" required><a title=\"Clear Date\" data-clear role=\"button\" tabindex=\"0\" class=\"wpforms-datepicker-clear\" aria-label=\"Clear Date\" style=\"display:none;\"><\/a><\/div><label for=\"wpforms-3166-field_12\" class=\"wpforms-field-sublabel after\">Date<\/label><\/div><div class=\"wpforms-field-row-block\"><input type=\"text\" id=\"wpforms-3166-field_12-time\" class=\"wpforms-field-date-time-time wpforms-timepicker wpforms-field-required\" data-time-format=\"H:i\" data-step=\"30\" data-rule-time24h=\"true\" data-min-time=\"09:00\" data-max-time=\"18:00\" data-rule-time-limit=\"true\" name=\"wpforms[fields][12][time]\" aria-errormessage=\"wpforms-3166-field_12-time-error\" required><label for=\"wpforms-3166-field_12-time\" class=\"wpforms-field-sublabel after\">Time<\/label><\/div><\/div><\/fieldset><\/div><div id=\"wpforms-3166-field_3-container\" class=\"wpforms-field wpforms-field-checkbox\" data-field-id=\"3\"><fieldset><legend class=\"wpforms-field-label\">Datenschutz <span class=\"wpforms-required-label\" aria-hidden=\"true\">*<\/span><\/legend><ul id=\"wpforms-3166-field_3\" class=\"wpforms-field-required\"><li class=\"choice-1 depth-1\"><input type=\"checkbox\" id=\"wpforms-3166-field_3_1\" name=\"wpforms[fields][3][]\" value=\"Ich bin mit den &lt;a href=&quot;https:\/\/ftc-capital.comdatenschutz&quot;&gt;Datenschutzvereinbarungen&lt;\/a&gt; einverstanden.\" aria-errormessage=\"wpforms-3166-field_3_1-error\" aria-describedby=\"wpforms-3166-field_3-description\" required ><label class=\"wpforms-field-label-inline\" for=\"wpforms-3166-field_3_1\">Ich bin mit den <a href=\"https:\/\/ftc-capital.comdatenschutz\">Datenschutzvereinbarungen<\/a> einverstanden.<\/label><\/li><\/ul><div id=\"wpforms-3166-field_3-description\" class=\"wpforms-field-description\">Und ich erteile meine Zustimmung daf\u00fcr, dass Sie mich mit aktuellen Informationen \u00fcber Ihre Produkte und Dienstleistungen per E-Mail an die von mir angegebene E-Mail Adresse und, falls im Formular angegeben, telefonisch versorgen d\u00fcrfen. Ich kann meine Einwilligung jederzeit und ohne Angabe von Gr\u00fcnden per E-Mail an office@ftc.at widerrufen. Au\u00dferdem finde ich in jeder Marketing-E-Mail dazu einen Abmeldelink, mit dem ich meine Einwilligung widerrufen kann.<\/div><\/fieldset><\/div><script>\n\t\t\t\t( function() {\n\t\t\t\t\tconst style = document.createElement( 'style' );\n\t\t\t\t\tstyle.appendChild( document.createTextNode( '#wpforms-3166-field_4-container { position: absolute !important; overflow: hidden !important; display: inline !important; height: 1px !important; width: 1px !important; z-index: -1000 !important; padding: 0 !important; } #wpforms-3166-field_4-container input { visibility: hidden; } #wpforms-conversational-form-page #wpforms-3166-field_4-container label { counter-increment: none; }' ) );\n\t\t\t\t\tdocument.head.appendChild( style );\n\t\t\t\t\tdocument.currentScript?.remove();\n\t\t\t\t} )();\n\t\t\t<\/script><\/div><!-- .wpforms-field-container --><div class=\"wpforms-recaptcha-container wpforms-is-recaptcha wpforms-is-recaptcha-type-v2\" ><div class=\"g-recaptcha\" data-sitekey=\"6LcjAwYbAAAAAGa5Yhh3ZyiUQmlMbWVyZNPyfVHU\"><\/div><input type=\"text\" name=\"g-recaptcha-hidden\" class=\"wpforms-recaptcha-hidden\" style=\"position:absolute!important;clip:rect(0,0,0,0)!important;height:1px!important;width:1px!important;border:0!important;overflow:hidden!important;padding:0!important;margin:0!important;\" data-rule-recaptcha=\"1\"><\/div><div class=\"wpforms-submit-container\" ><input type=\"hidden\" name=\"wpforms[id]\" value=\"3166\"><input type=\"hidden\" name=\"page_title\" value=\"\"><input type=\"hidden\" name=\"page_url\" value=\"https:\/\/ftc-capital.com\/en\/wp-json\/wp\/v2\/pages\/3360\"><input type=\"hidden\" name=\"url_referer\" value=\"\"><button type=\"submit\" name=\"wpforms[submit]\" id=\"wpforms-submit-3166\" class=\"wpforms-submit gm-form-btn\" data-alt-text=\"Senden...\" data-submit-text=\"Absenden\" aria-live=\"assertive\" value=\"wpforms-submit\">Absenden<\/button><\/div><\/form><\/div>  <!-- .wpforms-container -->\n\n","protected":false},"excerpt":{"rendered":"<p>FTC Generationen-Strategie Verm\u00f6gen erhalten.F\u00fcr Generationen. Wenn es um das Verm\u00f6gens-Management geht, sehen die meisten Menschen haupts\u00e4chlich die n\u00e4here Vergangenheit und neigen dazu, diese fortzuschreiben. Doch die n\u00e4chsten 20-30 Jahre werden von einer neuen Wirtschaftsordnung gepr\u00e4gt sein, die neue Gedanken f\u00fcr Ihr Investment erfordern Bei der Umsetzung der Generationen-Strategie denken wir daher immer \u00fcber die unterschiedlichsten&hellip;<\/p>\n","protected":false},"author":10,"featured_media":2908,"parent":995,"menu_order":0,"comment_status":"closed","ping_status":"closed","template":"","meta":{"inline_featured_image":false,"footnotes":""},"class_list":["post-3360","page","type-page","status-publish","has-post-thumbnail","hentry"],"_links":{"self":[{"href":"https:\/\/ftc-capital.com\/en\/wp-json\/wp\/v2\/pages\/3360","targetHints":{"allow":["GET"]}}],"collection":[{"href":"https:\/\/ftc-capital.com\/en\/wp-json\/wp\/v2\/pages"}],"about":[{"href":"https:\/\/ftc-capital.com\/en\/wp-json\/wp\/v2\/types\/page"}],"author":[{"embeddable":true,"href":"https:\/\/ftc-capital.com\/en\/wp-json\/wp\/v2\/users\/10"}],"replies":[{"embeddable":true,"href":"https:\/\/ftc-capital.com\/en\/wp-json\/wp\/v2\/comments?post=3360"}],"version-history":[{"count":55,"href":"https:\/\/ftc-capital.com\/en\/wp-json\/wp\/v2\/pages\/3360\/revisions"}],"predecessor-version":[{"id":4229,"href":"https:\/\/ftc-capital.com\/en\/wp-json\/wp\/v2\/pages\/3360\/revisions\/4229"}],"up":[{"embeddable":true,"href":"https:\/\/ftc-capital.com\/en\/wp-json\/wp\/v2\/pages\/995"}],"wp:featuredmedia":[{"embeddable":true,"href":"https:\/\/ftc-capital.com\/en\/wp-json\/wp\/v2\/media\/2908"}],"wp:attachment":[{"href":"https:\/\/ftc-capital.com\/en\/wp-json\/wp\/v2\/media?parent=3360"}],"curies":[{"name":"wp","href":"https:\/\/api.w.org\/{rel}","templated":true}]}}