{"id":2744,"date":"2025-06-03T11:46:49","date_gmt":"2025-06-03T09:46:49","guid":{"rendered":"https:\/\/ftc-capital.com\/?page_id=2744"},"modified":"2026-04-14T15:54:13","modified_gmt":"2026-04-14T13:54:13","slug":"mehr-wissen","status":"publish","type":"page","link":"https:\/\/ftc-capital.com\/en\/mehr-wissen\/","title":{"rendered":"Mehr Wissen"},"content":{"rendered":"\n\n\t<h1>Wer mehr will,<br \/>\nmuss mehr wissen<\/h1>\n\t<p>Gedanken, Meinungen, Perspektiven<\/p>\n\t<p>Weiter denken als man sehen kann.<\/p>\n<p>Hier finden Sie Gedanken, die die Welt der Finanzen aus immer neuen Perspektiven betrachten. Inspirationen, Wissen und Impulse f\u00fcr alle, die die Zukunft nicht dem Zufall \u00fcberlassen m\u00f6chten.<\/p>\n\n","protected":false},"excerpt":{"rendered":"<p>Wer mehr will, muss mehr wissen Gedanken, Meinungen, Perspektiven Weiter denken als man sehen kann. Hier finden Sie Gedanken, die die Welt der Finanzen aus immer neuen Perspektiven betrachten. Inspirationen, Wissen und Impulse f\u00fcr alle, die die Zukunft nicht dem Zufall \u00fcberlassen m\u00f6chten.<\/p>\n","protected":false},"author":10,"featured_media":2943,"parent":0,"menu_order":7,"comment_status":"closed","ping_status":"closed","template":"","meta":{"inline_featured_image":false,"footnotes":""},"class_list":["post-2744","page","type-page","status-publish","has-post-thumbnail","hentry"],"_links":{"self":[{"href":"https:\/\/ftc-capital.com\/en\/wp-json\/wp\/v2\/pages\/2744","targetHints":{"allow":["GET"]}}],"collection":[{"href":"https:\/\/ftc-capital.com\/en\/wp-json\/wp\/v2\/pages"}],"about":[{"href":"https:\/\/ftc-capital.com\/en\/wp-json\/wp\/v2\/types\/page"}],"author":[{"embeddable":true,"href":"https:\/\/ftc-capital.com\/en\/wp-json\/wp\/v2\/users\/10"}],"replies":[{"embeddable":true,"href":"https:\/\/ftc-capital.com\/en\/wp-json\/wp\/v2\/comments?post=2744"}],"version-history":[{"count":22,"href":"https:\/\/ftc-capital.com\/en\/wp-json\/wp\/v2\/pages\/2744\/revisions"}],"predecessor-version":[{"id":4547,"href":"https:\/\/ftc-capital.com\/en\/wp-json\/wp\/v2\/pages\/2744\/revisions\/4547"}],"wp:featuredmedia":[{"embeddable":true,"href":"https:\/\/ftc-capital.com\/en\/wp-json\/wp\/v2\/media\/2943"}],"wp:attachment":[{"href":"https:\/\/ftc-capital.com\/en\/wp-json\/wp\/v2\/media?parent=2744"}],"curies":[{"name":"wp","href":"https:\/\/api.w.org\/{rel}","templated":true}]}}