{"id":2634,"date":"2025-05-14T12:52:53","date_gmt":"2025-05-14T10:52:53","guid":{"rendered":"https:\/\/ftc-capital.com\/?page_id=2634"},"modified":"2026-04-20T14:32:14","modified_gmt":"2026-04-20T12:32:14","slug":"weiter-denken-als-man-sehen-kann","status":"publish","type":"page","link":"https:\/\/ftc-capital.com\/en\/","title":{"rendered":"Weiter denken als man sehen kann"},"content":{"rendered":"\n\n\t<h1>Weiter denken<br \/>\nals man sehen kann<\/h1>\n\tWealth-Management mit FTC &#8211;<br \/>\nf\u00fcr eine Welt, die nach neuen Regeln spielt.\n<h2>\n\t\t\tDie Welt ist im Wandel.<br \/>Ist Ihr Verm\u00f6gen darauf vorbereitet?\t<\/h2>\n\t<p>Auf den Finanzm\u00e4rkten k\u00f6nnen politische oder realwirtschaftliche Einfl\u00fcsse zu neuen Marktumgebungen f\u00fchren, in denen sich Ertragserwartungen einzelner Anlageklassen oder die Korrelationen zwischen diesen signifikant ver\u00e4ndern.<\/p>\n<p>Man muss daher weiter denken als man sehen kann und sich Gedanken \u00fcber das machen, was hinter dem Horizont auf uns zukommen k\u00f6nnte: Strategien f\u00fcr die unterschiedlichsten Szenarien entwickeln. Neue Perspektiven im Wealth-Management erschlie\u00dfen.<\/p>\n<h2>\n\t\t\tVerm\u00f6genserhalt in Zeiten des Werteverfalls\t<\/h2>\n\t<p>Wir erleben gerade nichts geringeres als eine Zeitenwende: Die &#8220;rule based world order&#8221;, die seit 1995 Grundlage der globalen \u00d6konomie war, scheint zu Ende. Sie wird zunehmend abgel\u00f6st von einer Wirtschaftsordnung, die von nationalen Sicherheitsinteressen, Re-Shoring, Sicherung von Lieferketten und neuer Blockbildung gepr\u00e4gt ist.<\/p>\n<p>Das hat Auswirkungen auf praktisch alle Assetklassen: Lange Zeit vernachl\u00e4ssigte Aktiensektoren gewinnen an Bedeutung; Anleihen geraten unter Druck, Zinsen werden politisiert, Inflation bleibt unberechenbar. <strong>In Summe: traditionelle Anlagestrategien der letzten Jahrzehnte <\/strong><strong>m\u00fcssen neu gedacht werden.\u00a0<\/strong><\/p>\n\t<h1>Die Generationen-Strategie:<br \/>\nneues Denken f\u00fcr eine neue Zeit<\/h1>\n\tDie FTC-Generationen-Strategie entspricht unserer Firmenphilosophie: &#8220;Weiter denken als man sehen kann.&#8221;<br \/>\nDefensiv orientierte Anleger, die ihr Verm\u00f6gen langfristig, \u00fcber eine Generation hinaus erhalten m\u00f6chten, profitieren direkt von unserem Research und der daraus abgeleiteten, alternativen Asset Allocation.\n<h2>\n\t\t\tDas Generationen-Ziel:<br \/>Langfristige Rendite bei minimalem Risiko?\t<\/h2>\n\t<p>Wer sein Verm\u00f6gen f\u00fcr lange Zeit erhalten will, muss mehrere Ziele gleichzeitig verfolgen: Eine Rendite, die \u00fcber der Inflation liegt, ein optimales Rendite\/Risikoverh\u00e4ltnis und nur minimale zwischenzeitliche Kursverluste.<\/p>\n<p>In der Generation-Strategie verfolgen wir dieses Ziel durch die Kombination von bis zu sechs Asset-Klassen, die sich erg\u00e4nzen und voneinander unabh\u00e4ngig Rendite erwirtschaften k\u00f6nnen.<\/p>\n<p>&nbsp;<\/p>\n\n<div class=\"wdt-wrapper-chart-loader\" data-id=\"25\"\n     style=\"height: 450px;\">\n    <div class=\"wdt-main-item\">\n                <div class=\"wdt-chart-animated-background\" style=\"height: 112px\">\n            <div class=\"wdt-background-masker wdt-btn-divide-left wdt-chart-one\"><\/div>\n            <div class=\"wdt-background-masker wdt-btn-divide-left-2\"><\/div>\n            <div class=\"wdt-background-masker wdt-btn-divide-left-3\"><\/div>\n            <div class=\"wdt-background-masker wdt-btn-divide-left-4 wdt-chart-three\"><\/div>\n            <div class=\"wdt-background-masker wdt-btn-divide-left-5\"><\/div>\n            <div class=\"wdt-background-masker wdt-btn-divide-left-6\"><\/div>\n            <div class=\"wdt-background-masker wdt-btn-divide-left-7 \"><\/div>\n            <div class=\"wdt-background-masker wdt-btn-divide-left-8\"><\/div>\n        <\/div>\n        <div class=\"wdt-chart-animated-background\" style=\"height: 112px\">\n            <div class=\"wdt-background-masker wdt-btn-divide-left\"><\/div>\n            <div class=\"wdt-background-masker wdt-btn-divide-left-2 wdt-chart-two\"><\/div>\n            <div class=\"wdt-background-masker wdt-btn-divide-left-3\"><\/div>\n            <div class=\"wdt-background-masker wdt-btn-divide-left-4\"><\/div>\n            <div class=\"wdt-background-masker wdt-btn-divide-left-5 wdt-chart-four\"><\/div>\n            <div class=\"wdt-background-masker wdt-btn-divide-left-6\"><\/div>\n            <div class=\"wdt-background-masker wdt-btn-divide-left-7\"><\/div>\n            <div class=\"wdt-background-masker wdt-btn-divide-left-8\"><\/div>\n        <\/div>\n        <div class=\"wdt-chart-animated-background\" style=\"height: 112px\">\n            <div class=\"wdt-background-masker wdt-btn-divide-left\"><\/div>\n            <div class=\"wdt-background-masker wdt-btn-divide-left-2\"><\/div>\n            <div class=\"wdt-background-masker wdt-btn-divide-left-3\"><\/div>\n            <div class=\"wdt-background-masker wdt-btn-divide-left-4\"><\/div>\n            <div class=\"wdt-background-masker wdt-btn-divide-left-5\"><\/div>\n            <div class=\"wdt-background-masker wdt-btn-divide-left-6 wdt-chart-five\"><\/div>\n            <div class=\"wdt-background-masker wdt-btn-divide-left-7\"><\/div>\n            <div class=\"wdt-background-masker wdt-btn-divide-left-8\"><\/div>\n        <\/div>\n        <div class=\"wdt-chart-animated-background\" style=\"height: 112px\">\n            <div class=\"wdt-background-masker wdt-btn-divide-left\"><\/div>\n            <div class=\"wdt-background-masker wdt-btn-divide-left-2\"><\/div>\n            <div class=\"wdt-background-masker wdt-btn-divide-left-3\"><\/div>\n            <div class=\"wdt-background-masker wdt-btn-divide-left-4\"><\/div>\n            <div class=\"wdt-background-masker wdt-btn-divide-left-5\"><\/div>\n            <div class=\"wdt-background-masker wdt-btn-divide-left-6\"><\/div>\n            <div class=\"wdt-background-masker wdt-btn-divide-left-7\"><\/div>\n            <div class=\"wdt-background-masker wdt-btn-divide-left-8\"><\/div>\n        <\/div>\n        <div class=\"wdt-static-background\">\n            <div class=\"wdt-background-masker\"><\/div>\n        <\/div>\n    <\/div>\n<\/div>\n<style>\n    \n<\/style>    <script type=\"text\/javascript\">\n        if (typeof (wpDataCharts) == 'undefined') wpDataCharts = {};\n        wpDataCharts[25] = {\n            render_data: {\"wdtNumberFormat\":\"2\",\"options\":{\"title\":{\"text\":\"\",\"floating\":false,\"align\":\"center\"},\"series\":[{\"type\":\"\",\"name\":\"Generationen Strategie\",\"color\":\"\",\"label\":\"Generationen Strategie\",\"orig_header\":\"generationenstrategie\",\"data\":[100,100.25,101.14,105.53,106.19,104.5,103.3,104.56,106.12,106.79,106.48,104.56,103.08,104.25,103.74,102.48,103.69,105.1,103.87,104.16,105.04,105.81,105.36,105.21,106.07,107.34,109.26,112.6,113.54,113.25,113.36,112.91,110.67,111.98,111.88,113.56,113.74,115.42,114.85,113.29,111.27,112.54,113.15,113.75,115.79,120.42,123.53,123.59,125.41],\"yAxis\":0},{\"type\":\"\",\"name\":\"75% EUR Govt. Bd, 25% Aktien\",\"color\":\"\",\"label\":\"75% EUR Govt. Bd, 25% Aktien\",\"orig_header\":\"75eurgovtbd25aktien\",\"data\":[100,97.24,94.57,94.47,91.92,89.53,85.86,90.42,87.99,82.78,84.23,86.12,81.8,84.52,83.05,84.45,84.55,85.67,86.14,86.85,86.59,84.63,84.28,87.3,91.27,91.56,91.44,93.06,91.44,91.58,93.01,94.75,94.91,96.27,95.58,99.16,97.4,98.6,98.63,95.32,96.1,97.77,97.62,98.69,98.52,99.39,101.31,101.26,100.59],\"yAxis\":0},{\"type\":\"\",\"name\":\"Inflation\",\"color\":\"#AAAAAA\",\"label\":\"Inflation\",\"orig_header\":\"inflation\",\"data\":[100,100.17,100.33,100.5,100.66,100.83,100.99,101.16,101.33,101.49,101.66,101.83,102,102.17,102.33,102.5,102.67,102.84,103.01,103.18,103.35,103.52,103.69,103.86,104.04,104.21,104.38,104.55,104.72,104.9,105.07,105.24,105.42,105.59,105.77,105.94,106.11,106.29,106.47,106.64,106.82,106.99,107.17,107.35,107.52,107.7,107.88,108.06,108.24],\"yAxis\":0}],\"xAxis\":{\"categories\":[\"12\\\/21\",\"01\\\/22\",\"02\\\/22\",\"03\\\/22\",\"04\\\/22\",\"05\\\/22\",\"06\\\/22\",\"07\\\/22\",\"08\\\/22\",\"09\\\/22\",\"10\\\/22\",\"11\\\/22\",\"12\\\/22\",\"01\\\/23\",\"02\\\/23\",\"03\\\/23\",\"04\\\/23\",\"05\\\/23\",\"06\\\/23\",\"07\\\/23\",\"08\\\/23\",\"09\\\/23\",\"10\\\/23\",\"11\\\/23\",\"12\\\/23\",\"01\\\/24\",\"02\\\/24\",\"03\\\/24\",\"04\\\/24\",\"05\\\/24\",\"06\\\/24\",\"07\\\/24\",\"08\\\/24\",\"09\\\/24\",\"10\\\/24\",\"11\\\/24\",\"12\\\/24\",\"01\\\/25\",\"02\\\/25\",\"03\\\/25\",\"04\\\/25\",\"05\\\/25\",\"06\\\/25\",\"07\\\/25\",\"08\\\/25\",\"09\\\/25\",\"10\\\/25\",\"11\\\/25\",\"12\\\/25\"],\"crosshair\":false},\"yAxis\":[{\"gridLineDashStyle\":\"solid\",\"title\":{\"text\":\"\"},\"crosshair\":false},[],[]],\"chart\":{\"backgroundColor\":\"#FFFFFF\",\"borderWidth\":0,\"borderColor\":\"\",\"borderRadius\":0,\"zoomType\":\"none\",\"panning\":false,\"panKey\":\"shift\",\"plotBackgroundColor\":\"\",\"plotBackgroundImage\":\"\",\"plotBorderColor\":\"\",\"plotBorderWidth\":0,\"inverted\":false},\"subtitle\":{\"text\":\"\",\"align\":\"center\"},\"tooltip\":{\"enabled\":true,\"backgroundColor\":\"rgba(255, 255, 255, 0.85)\",\"borderWidth\":\"1\",\"borderColor\":\"\",\"borderRadius\":\"3\",\"shared\":false,\"valuePrefix\":\"\",\"valueSuffix\":\"\"},\"legend\":{\"enabled\":true,\"backgroundColor\":\"\",\"title\":{\"text\":\"\"},\"layout\":\"horizontal\",\"align\":\"center\",\"verticalAlign\":\"bottom\",\"borderWidth\":\"0\",\"borderColor\":\"\",\"borderRadius\":\"0\"},\"exporting\":{\"enabled\":false,\"chartOptions\":{\"plotOptions\":{\"series\":{\"dataLabels\":{\"enabled\":false}}}},\"filename\":\"\",\"width\":\"\",\"buttons\":{\"contextButton\":{\"align\":\"right\",\"verticalAlign\":\"top\",\"symbolStroke\":\"#666\",\"text\":\"\"}}},\"credits\":{\"enabled\":false,\"href\":\"https:\\\/\\\/www.highcharts.com\",\"text\":\"Highcharts.com\"}},\"type\":\"highcharts_line_chart\",\"height\":450},\n            engine: \"highcharts\",\n            type: \"highcharts_line_chart\",\n            title: \"Generationen-Strategie vs Bonds plus Aktien\",\n            container: \"wpDataChart_25\",\n            follow_filtering: 0,\n            wpdatatable_id: 30,\n            group_chart: 0        }\n    <\/script>\n\n    <div id=\"wpDataChart_25\" class=\"highcharts_line_chart\" style=\"width: 100%\"><\/div>\n\n<p>Seit ihrem Start ist es der Generationen-Strategie gelungen, in allen Zieldimensionen besser abzuschneiden als ein konvervatives Vergleichsportfolio.<\/p>\n<p>Die Generationen-Strategie ist sowohl als Wealth-Management-Portfolio als auch als Alternativer Investment-Fonds (AIF) verf\u00fcgbar.<\/p>\n<p>&nbsp;<\/p>\n\t\t\t<a href=\"https:\/\/ftc-capital.com\/wealth-management\/generationen-strategien\/\"  target=\"_blank\" rel=\"noopener\"    rel=\"noopener\">\n\t\t\t\t\t\t\tGenerationen-Strategie als Depot\n\t\t\t\t\t<\/a>\n\t\t\t<a href=\"https:\/\/ftc-capital.com\/fonds\/ftc-generation-fund\/\"  target=\"_blank\" rel=\"noopener\"    rel=\"noopener\">\n\t\t\t\t\t\t\tGenerationen-Strategie als Fonds\n\t\t\t\t\t<\/a>\n\t<h2>Zielorientiertes Wealth-Management<\/h2>\n\t<p>Unser Wealth-Management ist mehr als das \u00fcbliche \u201eWie risiko-affin sind Sie?&#8221; &#8211; und je nach Antwort liegt dann der Aktienanteil bei 20, 40, 60 oder 80%. Das ist zu einfach. So erreicht man keine Ziele.<\/p>\nWir bieten Zielerreichungs-Strategien von der Verm\u00f6genssicherung bis zum Moonshot-Projekt sowie individuelle Verm\u00f6gensverwaltung.<br \/>\n<a href=\"https:\/\/ftc-capital.com\/wealth-management\/\">5 Ziele f\u00fcr Ihr Verm\u00f6gen<\/a>\n\t<h2>Fonds<\/h2>\n\t<p>Seit 1994 entwickeln wir innovative Investmentfonds f\u00fcr institutionelle und private Anleger, um spezifische Aufgaben im Anlagemix zu erf\u00fcllen. Vom Verm\u00f6gensschutz \u00fcber Wachstum bis zur Diversifikation.<\/p>\n<p><a href=\"https:\/\/ftc-capital.com\/fonds\/\">Unsere Fonds im \u00dcberblick<\/a><\/p>\n\n","protected":false},"excerpt":{"rendered":"<p>Weiter denken als man sehen kann Wealth-Management mit FTC &#8211; f\u00fcr eine Welt, die nach neuen Regeln spielt. Die Welt ist im Wandel.Ist Ihr Verm\u00f6gen darauf vorbereitet? Auf den Finanzm\u00e4rkten k\u00f6nnen politische oder realwirtschaftliche Einfl\u00fcsse zu neuen Marktumgebungen f\u00fchren, in denen sich Ertragserwartungen einzelner Anlageklassen oder die Korrelationen zwischen diesen signifikant ver\u00e4ndern. Man muss daher&hellip;<\/p>\n","protected":false},"author":10,"featured_media":0,"parent":0,"menu_order":0,"comment_status":"closed","ping_status":"closed","template":"","meta":{"inline_featured_image":false,"footnotes":""},"class_list":["post-2634","page","type-page","status-publish","hentry"],"_links":{"self":[{"href":"https:\/\/ftc-capital.com\/en\/wp-json\/wp\/v2\/pages\/2634","targetHints":{"allow":["GET"]}}],"collection":[{"href":"https:\/\/ftc-capital.com\/en\/wp-json\/wp\/v2\/pages"}],"about":[{"href":"https:\/\/ftc-capital.com\/en\/wp-json\/wp\/v2\/types\/page"}],"author":[{"embeddable":true,"href":"https:\/\/ftc-capital.com\/en\/wp-json\/wp\/v2\/users\/10"}],"replies":[{"embeddable":true,"href":"https:\/\/ftc-capital.com\/en\/wp-json\/wp\/v2\/comments?post=2634"}],"version-history":[{"count":77,"href":"https:\/\/ftc-capital.com\/en\/wp-json\/wp\/v2\/pages\/2634\/revisions"}],"predecessor-version":[{"id":4626,"href":"https:\/\/ftc-capital.com\/en\/wp-json\/wp\/v2\/pages\/2634\/revisions\/4626"}],"wp:attachment":[{"href":"https:\/\/ftc-capital.com\/en\/wp-json\/wp\/v2\/media?parent=2634"}],"curies":[{"name":"wp","href":"https:\/\/api.w.org\/{rel}","templated":true}]}}