{"id":2603,"date":"2024-12-03T18:01:04","date_gmt":"2024-12-03T17:01:04","guid":{"rendered":"https:\/\/ftc-capital.com\/?page_id=2603"},"modified":"2026-04-20T11:19:25","modified_gmt":"2026-04-20T09:19:25","slug":"ftc-systematic-global-trend","status":"publish","type":"page","link":"https:\/\/ftc-capital.com\/en\/fonds\/ftc-systematic-global-trend\/","title":{"rendered":"FTC Systematic Global\u00a0Trend"},"content":{"rendered":"\n\n\t<h1>FTC Systematic<br \/>\nGlobal Trend<\/h1>\n<h2>\n\t\t\tDie Elite f\u00fcr \u00fcberlegene Diversifikation\t<\/h2>\n\t<p>Wenn Aktien und Anleihen sich im Gleichschritt entwickeln, wird klassische Diversifikation zum Risiko. Der FTC Systematic Global Trend, ein Dachfonds aus mehreren Sub-Fonds, setzt genau hier an: Mit Zugang zu den international f\u00fchrenden Trendfolge-Strategien er\u00f6ffnet er eine neue Dimension der Streuung &#8211; unabh\u00e4ngig von anderen Anlageklassen, robust, renditestark.<\/p>\n\t\t\t\t\t<a role=\"heading\" aria-level=\"2\" tabindex=\"-1\"  id=\"fl-accordion--label-0\">Das Ziel:<br \/>Diversifizieren wie institutionelle Investoren<\/a>\n\t\t\t\t\t\t\t\t\t\t\t<button type=\"button\" id=\"fl-accordion--icon-0\" aria-expanded=\"true\" aria-controls=\"fl-accordion--panel-0\"><i>Collapse<\/i><\/button>\n\t\t\t\t\t<p>Optimale Diversifikation klassischer Portfolios ist heute wichtiger denn je. Doch w\u00e4hrend Privatanleger lange Zeit auf Aktien und Anleihen beschr\u00e4nkt waren, hatten institutionelle Investoren Zugang zu alternativen Anlageklassen wie Managed Futures. Der FTC Systematic Global Trend \u00f6ffnet diese T\u00fcr: Er erm\u00f6glicht auch Privatanlegern in \u00d6sterreich eine professionelle Diversifikation auf dem Niveau gro\u00dfer institutioneller Investorenund macht Strategien zug\u00e4nglich, die in steigenden wie fallenden M\u00e4rkten Gewinne erzielen k\u00f6nnen.<\/p>\n\t\t\t\t\tDie Herausforderung:<br \/>Wenn aus Absicherung Risiko wird\n\t\t\t\t\t\t\t\t\t\t\t<button type=\"button\" id=\"fl-accordion--icon-0\" aria-expanded=\"true\" aria-controls=\"fl-accordion--panel-0\"><i>Collapse<\/i><\/button>\n\t\t\t\t\t<p>Fr\u00fcher galt: Wenn Aktienkurse fielen, konnten Anleihen die Verluste oft ausgleichen. Diese klassische Balance funktioniert heute nicht mehr, denn Aktien und Anleihen bewegen sich immer \u00f6fter im Gleichklang.<\/p>\n<p>Der Grund: Die Zinspolitik der Notenbanken, globale Verschuldung und anhaltend hohe Inflation beeinflussen immer \u00f6fter beide Anlageklassen gleichzeitig und in die gleiche Richtung.<\/p>\n<p>Damit geht der wichtigste Schutzmechanismus traditioneller Depots verloren: Aus der erhofften Absicherung wird doppeltes Risiko.<\/p>\n\t\t\t\t\tDie L\u00f6sung:<br \/>Trendfolgende Managed Futures zur Diversifikation\n\t\t\t\t\t\t\t\t\t\t\t<button type=\"button\" id=\"fl-accordion--icon-0\" aria-expanded=\"true\" aria-controls=\"fl-accordion--panel-0\"><i>Collapse<\/i><\/button>\n\t\t\t\t\t<p>Managed Futures sind eine Anlageklasse, die traditionellen Portfolios Schutz bieten kann. Sie weisen langfristig keine Korrelation zu Aktien oder Anleihen auf und sie k\u00f6nnen in vielen unterschiedlichen Marktphasen Gewinne erzielen:<\/p>\n<p>In Aufschwungphasen nehmen sie eine Kaufposition ein und er\u00f6ffnen so zus\u00e4tzliches Renditepotenzial. Bei fallenden Preistrends k\u00f6nnen sie \u00fcber Short-Positionen Renditen erzielen. Das gilt f\u00fcr alle liquiden Anlageklassen, also nicht nur Aktien und Zinspapiere sondern auch f\u00fcr W\u00e4hrungen und eine breite Palette an Rohstoffen.<\/p>\n<p>Auf einen Blick:<\/p>\n<ul>\n<li>Reduktion von Verlustrisiken in Krisen<\/li>\n<li>Gl\u00e4ttung von Wertschwankungen<\/li>\n<li>Potenzial f\u00fcr positive Ertr\u00e4ge unabh\u00e4ngig von der Richtung der M\u00e4rkte<\/li>\n<\/ul>\n\t\t\t\t\t<a role=\"heading\" aria-level=\"2\" tabindex=\"-1\"  id=\"fl-accordion--label-0\">FTC Systematic Global Trend:<br \/>Die besten Managed Futures Strategien in einem Fonds<\/a>\n\t\t\t\t\t\t\t\t\t\t\t<button type=\"button\" id=\"fl-accordion--icon-0\" aria-expanded=\"true\" aria-controls=\"fl-accordion--panel-0\"><i>Collapse<\/i><\/button>\n\t\t\t\t\t<p>Der Systematic Global Trend ist ein Dachfonds, der international renommierte trendfolgende Managed-Futures-Strategien in einem einzigen Fonds vereint. Die meisten dieser Fonds sind institutionellen Anlegern vorbehalten und setzen hohe Mindestanlagebetr\u00e4ge voraus. Mit dem FTC Global Systematic Trend erhalten neben professionellen Investoren auch Kleinanleger in \u00d6sterreich \u00fcber die Retail-Klasse des Fonds einfachen Zugang zu diesen elit\u00e4ren Investments.<\/p>\n<p>Die enthaltenen Fonds im \u00dcberblick:<\/p>\n<ul>\n<li>Langj\u00e4hriger Erfolg: Jeder Manager mit mindestens 10 Jahren Track Record<\/li>\n<li>Beruhigende Gr\u00f6\u00dfe: 500 Mio. USD Mindestvolumen pro investierter Strategie<\/li>\n<li>Strategische Vielfalt: Unterschiedliche Modelle, Zeithorizonte und Handelsans\u00e4tze<\/li>\n<li>Breite Abdeckung: Investition \u00fcber Aktien, Anleihen, Rohstoffe und W\u00e4hrungen hinweg<\/li>\n<li>Hohe Robustheit: Systematische Ans\u00e4tze, erprobt \u00fcber Dekaden und in globalen Marktkrisen<\/li>\n<\/ul>\n\t\t\t\t\t<a role=\"heading\" aria-level=\"2\" tabindex=\"-1\"  id=\"fl-accordion--label-0\">Aktuelle Kurse<\/a>\n\t\t\t\t\t\t\t\t\t\t\t<button type=\"button\" id=\"fl-accordion--icon-0\" aria-expanded=\"true\" aria-controls=\"fl-accordion--panel-0\"><i>Collapse<\/i><\/button>\n\t\t\t\t\t\n<h2>\n\t\t\tJetzt diversifizieren wie die Profis\t<\/h2>\n\tSichern Sie Ihr Portfolio f\u00fcr die Zukunft &#8211; mit den besten Trendfolgern weltweit.<br \/>\nUnabh\u00e4ngig von Aktien und Anleihen. Systematisch. Robust. Institutionelle Qualit\u00e4t f\u00fcr institutionelle <strong>und<\/strong> private Anleger.\n\t\t\t\t\t<a role=\"heading\" aria-level=\"2\" tabindex=\"-1\"  id=\"fl-accordion--label-0\">Jetzt informieren<\/a>\n\t\t\t\t\t\t\t\t\t\t\t<button type=\"button\" id=\"fl-accordion--icon-0\" aria-expanded=\"false\" aria-controls=\"fl-accordion--panel-0\"><i>Expand<\/i><\/button>\n\t\t\t\t\t<style id=\"wpforms-css-vars-3178\">\n\t\t\t\t#wpforms-3178 {\n\t\t\t\t--wpforms-field-background-color: #f7f7f7;\n--wpforms-field-border-color: rgba(0, 0, 0, 0.25);\n--wpforms-field-border-color-spare: rgba(0, 0, 0, 0.25);\n--wpforms-field-text-color: #000000;\n--wpforms-label-color: #ffffff;\n--wpforms-label-sublabel-color: #ffffff;\n--wpforms-label-error-color: #e6b8b8;\n--wpforms-container-padding: 10px;\n--wpforms-background-color: #0038b8;\n--wpforms-field-size-input-height: 43px;\n--wpforms-field-size-input-spacing: 15px;\n--wpforms-field-size-font-size: 16px;\n--wpforms-field-size-line-height: 19px;\n--wpforms-field-size-padding-h: 14px;\n--wpforms-field-size-checkbox-size: 16px;\n--wpforms-field-size-sublabel-spacing: 5px;\n--wpforms-field-size-icon-size: 1;\n--wpforms-label-size-font-size: 16px;\n--wpforms-label-size-line-height: 19px;\n--wpforms-label-size-sublabel-font-size: 14px;\n--wpforms-label-size-sublabel-line-height: 17px;\n--wpforms-button-size-font-size: 17px;\n--wpforms-button-size-height: 41px;\n--wpforms-button-size-padding-h: 15px;\n--wpforms-button-size-margin-top: 10px;\n--wpforms-container-shadow-size-box-shadow: none;\n\t\t\t}\n\t\t\t<\/style><div class=\"wpforms-container wpforms-container-full gm-form wpforms-render-modern\" id=\"wpforms-3178\"><form id=\"wpforms-form-3178\" class=\"wpforms-validate wpforms-form\" data-formid=\"3178\" method=\"post\" enctype=\"multipart\/form-data\" action=\"\/en\/wp-json\/wp\/v2\/pages\/2603\" data-token=\"d6889a5980273d1ba3b1d400819d7d29\" data-token-time=\"1777306022\"><noscript class=\"wpforms-error-noscript\">Please enable JavaScript in your browser to complete this form.<\/noscript><div id=\"wpforms-error-noscript\" style=\"display: none;\">Please enable JavaScript in your browser to complete this form.<\/div><div class=\"wpforms-field-container\"><div id=\"wpforms-3178-field_7-container\" class=\"wpforms-field wpforms-field-radio wpforms-list-inline\" data-field-id=\"7\"><fieldset><legend class=\"wpforms-field-label\">Jetzt R\u00fcckmeldung anfordern<\/legend><ul id=\"wpforms-3178-field_7\"><li class=\"choice-1 depth-1\"><input type=\"radio\" id=\"wpforms-3178-field_7_1\" name=\"wpforms[fields][7]\" value=\"Rufen Sie mich zur\u00fcck\" aria-errormessage=\"wpforms-3178-field_7_1-error\"  ><label class=\"wpforms-field-label-inline\" for=\"wpforms-3178-field_7_1\">Rufen Sie mich zur\u00fcck<\/label><\/li><li class=\"choice-2 depth-1\"><input type=\"radio\" id=\"wpforms-3178-field_7_2\" name=\"wpforms[fields][7]\" value=\"Senden Sie mir Infos per E-Mail\" aria-errormessage=\"wpforms-3178-field_7_2-error\"  ><label class=\"wpforms-field-label-inline\" for=\"wpforms-3178-field_7_2\">Senden Sie mir Infos per E-Mail<\/label><\/li><\/ul><\/fieldset><\/div><div id=\"wpforms-3178-field_10-container\" class=\"wpforms-field wpforms-field-checkbox wpforms-list-inline\" data-field-id=\"10\"><fieldset><legend class=\"wpforms-field-label\">Ich interessiere mich f\u00fcr\u2026<\/legend><ul id=\"wpforms-3178-field_10\" class=\"wpforms-randomize\"><li class=\"choice-1 depth-1\"><input type=\"checkbox\" id=\"wpforms-3178-field_10_1\" name=\"wpforms[fields][10][]\" value=\"FTC Generation Fund\" aria-errormessage=\"wpforms-3178-field_10_1-error\"  ><label class=\"wpforms-field-label-inline\" for=\"wpforms-3178-field_10_1\">FTC Generation Fund<\/label><\/li><li class=\"choice-2 depth-1\"><input type=\"checkbox\" id=\"wpforms-3178-field_10_2\" name=\"wpforms[fields][10][]\" value=\"FTC Systematic Global Trend\" aria-errormessage=\"wpforms-3178-field_10_2-error\"  ><label class=\"wpforms-field-label-inline\" for=\"wpforms-3178-field_10_2\">FTC Systematic Global Trend<\/label><\/li><li class=\"choice-4 depth-1\"><input type=\"checkbox\" id=\"wpforms-3178-field_10_4\" name=\"wpforms[fields][10][]\" value=\"FTC Futures Fund Classic\" aria-errormessage=\"wpforms-3178-field_10_4-error\"  ><label class=\"wpforms-field-label-inline\" for=\"wpforms-3178-field_10_4\">FTC Futures Fund Classic<\/label><\/li><li class=\"choice-6 depth-1\"><input type=\"checkbox\" id=\"wpforms-3178-field_10_6\" name=\"wpforms[fields][10][]\" value=\"FTC Gideon I\" aria-errormessage=\"wpforms-3178-field_10_6-error\"  ><label class=\"wpforms-field-label-inline\" for=\"wpforms-3178-field_10_6\">FTC Gideon I<\/label><\/li><li class=\"choice-7 depth-1\"><input type=\"checkbox\" id=\"wpforms-3178-field_10_7\" name=\"wpforms[fields][10][]\" value=\"Individuelle Verm\u00f6gensverwaltung\" aria-errormessage=\"wpforms-3178-field_10_7-error\"  ><label class=\"wpforms-field-label-inline\" for=\"wpforms-3178-field_10_7\">Individuelle Verm\u00f6gensverwaltung<\/label><\/li><\/ul><\/fieldset><\/div><div id=\"wpforms-3178-field_0-container\" class=\"wpforms-field wpforms-field-name\" data-field-id=\"0\"><fieldset><legend class=\"wpforms-field-label\">Name <span class=\"wpforms-required-label\" aria-hidden=\"true\">*<\/span><\/legend><div class=\"wpforms-field-row wpforms-field-large\"><div class=\"wpforms-field-row-block wpforms-first wpforms-one-half\"><input type=\"text\" id=\"wpforms-3178-field_0\" class=\"wpforms-field-name-first wpforms-field-required\" name=\"wpforms[fields][0][first]\" aria-errormessage=\"wpforms-3178-field_0-error\" required><label for=\"wpforms-3178-field_0\" class=\"wpforms-field-sublabel after\">First<\/label><\/div><div class=\"wpforms-field-row-block wpforms-one-half\"><input type=\"text\" id=\"wpforms-3178-field_0-last\" class=\"wpforms-field-name-last wpforms-field-required\" name=\"wpforms[fields][0][last]\" aria-errormessage=\"wpforms-3178-field_0-last-error\" required><label for=\"wpforms-3178-field_0-last\" class=\"wpforms-field-sublabel after\">Last<\/label><\/div><\/div><\/fieldset><\/div>\t\t<div id=\"wpforms-3178-field_4-container\"\n\t\t\tclass=\"wpforms-field wpforms-field-text\"\n\t\t\tdata-field-type=\"text\"\n\t\t\tdata-field-id=\"4\"\n\t\t\t>\n\t\t\t<label class=\"wpforms-field-label\" for=\"wpforms-3178-field_4\" >Ich E-Mail Datenschutz<\/label>\n\t\t\t<input type=\"text\" id=\"wpforms-3178-field_4\" class=\"wpforms-field-medium\" name=\"wpforms[fields][4]\" >\n\t\t<\/div>\n\t\t<div id=\"wpforms-3178-field_11-container\" class=\"wpforms-field wpforms-field-phone\" data-field-id=\"11\"><label class=\"wpforms-field-label\" for=\"wpforms-3178-field_11\">Telefonnummer<\/label><input type=\"tel\" id=\"wpforms-3178-field_11\" class=\"wpforms-field-large\" data-rule-int-phone-field=\"true\" name=\"wpforms[fields][11]\" aria-label=\"Telefonnummer\" aria-errormessage=\"wpforms-3178-field_11-error\" ><\/div><div id=\"wpforms-3178-field_1-container\" class=\"wpforms-field wpforms-field-email\" data-field-id=\"1\"><label class=\"wpforms-field-label\" for=\"wpforms-3178-field_1\">E-Mail <span class=\"wpforms-required-label\" aria-hidden=\"true\">*<\/span><\/label><input type=\"email\" id=\"wpforms-3178-field_1\" class=\"wpforms-field-large wpforms-field-required\" name=\"wpforms[fields][1]\" spellcheck=\"false\" aria-errormessage=\"wpforms-3178-field_1-error\" required><\/div><div id=\"wpforms-3178-field_2-container\" class=\"wpforms-field wpforms-field-textarea\" data-field-id=\"2\"><label class=\"wpforms-field-label\" for=\"wpforms-3178-field_2\">Nachricht<\/label><textarea id=\"wpforms-3178-field_2\" class=\"wpforms-field-medium\" name=\"wpforms[fields][2]\" aria-errormessage=\"wpforms-3178-field_2-error\" ><\/textarea><\/div><div id=\"wpforms-3178-field_3-container\" class=\"wpforms-field wpforms-field-checkbox\" data-field-id=\"3\"><fieldset><legend class=\"wpforms-field-label\">Datenschutz <span class=\"wpforms-required-label\" aria-hidden=\"true\">*<\/span><\/legend><ul id=\"wpforms-3178-field_3\" class=\"wpforms-field-required\"><li class=\"choice-1 depth-1\"><input type=\"checkbox\" id=\"wpforms-3178-field_3_1\" name=\"wpforms[fields][3][]\" value=\"Ich erteile meine Zustimmung zu der unten genannten Datenverwendung.\" aria-errormessage=\"wpforms-3178-field_3_1-error\" aria-describedby=\"wpforms-3178-field_3-description\" required ><label class=\"wpforms-field-label-inline\" for=\"wpforms-3178-field_3_1\">Ich erteile meine Zustimmung zu der unten genannten Datenverwendung.<\/label><\/li><\/ul><div id=\"wpforms-3178-field_3-description\" class=\"wpforms-field-description\">Ich erteile meine Zustimmung daf\u00fcr, dass Sie mich mit aktuellen Informationen \u00fcber Ihre Produkte und Dienstleistungen per E-Mail an die von mir angegebene E-Mail Adresse und, falls im Formular angegeben, telefonisch versorgen d\u00fcrfen. Ich kann meine Einwilligung jederzeit und ohne Angabe von Gr\u00fcnden per E-Mail an office@ftc.at widerrufen. <\/div><\/fieldset><\/div><script>\n\t\t\t\t( function() {\n\t\t\t\t\tconst style = document.createElement( 'style' );\n\t\t\t\t\tstyle.appendChild( document.createTextNode( '#wpforms-3178-field_4-container { position: absolute !important; overflow: hidden !important; display: inline !important; height: 1px !important; width: 1px !important; z-index: -1000 !important; padding: 0 !important; } #wpforms-3178-field_4-container input { visibility: hidden; } #wpforms-conversational-form-page #wpforms-3178-field_4-container label { counter-increment: none; }' ) );\n\t\t\t\t\tdocument.head.appendChild( style );\n\t\t\t\t\tdocument.currentScript?.remove();\n\t\t\t\t} )();\n\t\t\t<\/script><\/div><!-- .wpforms-field-container --><div class=\"wpforms-recaptcha-container wpforms-is-recaptcha wpforms-is-recaptcha-type-v2\" ><div class=\"g-recaptcha\" data-sitekey=\"6LcjAwYbAAAAAGa5Yhh3ZyiUQmlMbWVyZNPyfVHU\"><\/div><input type=\"text\" name=\"g-recaptcha-hidden\" class=\"wpforms-recaptcha-hidden\" style=\"position:absolute!important;clip:rect(0,0,0,0)!important;height:1px!important;width:1px!important;border:0!important;overflow:hidden!important;padding:0!important;margin:0!important;\" data-rule-recaptcha=\"1\"><\/div><div class=\"wpforms-submit-container\" ><input type=\"hidden\" name=\"wpforms[id]\" value=\"3178\"><input type=\"hidden\" name=\"page_title\" value=\"\"><input type=\"hidden\" name=\"page_url\" value=\"https:\/\/ftc-capital.com\/en\/wp-json\/wp\/v2\/pages\/2603\"><input type=\"hidden\" name=\"url_referer\" value=\"\"><button type=\"submit\" name=\"wpforms[submit]\" id=\"wpforms-submit-3178\" class=\"wpforms-submit gm-form-btn\" data-alt-text=\"Senden...\" data-submit-text=\"Absenden\" aria-live=\"assertive\" value=\"wpforms-submit\">Absenden<\/button><\/div><\/form><\/div>  <!-- .wpforms-container -->\n\t\t\t\t\tRechtliche Hinweise\n\t\t\t\t\t\t\t\t\t\t\t<button type=\"button\" id=\"fl-accordion--icon-0\" aria-expanded=\"true\" aria-controls=\"fl-accordion--panel-0\"><i>Collapse<\/i><\/button>\n\t\t\t\t\t<p>Die dargestellten Inhalte sind Marketingmitteilungen. Sie dienen ausschlie\u00dflich der unverbindlichen Information und sind weder als Angebot noch als Aufforderung zum Kauf bzw. Verkauf oder als eine Empfehlung zugunsten irgendwelcher Finanzinstrumente zu verstehen. FTC kann keinerlei Haftung oder Garantie f\u00fcr die Aktualit\u00e4t, Richtigkeit, Vollst\u00e4ndigkeit oder dauernde Verf\u00fcgbarkeit von hier bereitgestellten Informationen \u00fcbernehmen. Jede Kapitalanlage ist mit Risiko verbunden. Kurse k\u00f6nnen sowohl steigen als auch fallen. Bitte lesen Sie den Fondsprospekt und das Basisinformationsblatt, bevor Sie eine Anlageentscheidung treffen. Es wird auf die wesentlichen Risiken verwiesen, die im Basisinformationsblatt und im Prospekt genannt sind. Umfassende Risikoinformationen werden im Prospekt genannt.<\/p>\n<strong>Vertriebsinformationen:<\/strong><br \/>\nDer Fonds darf <strong>in \u00d6sterreich an Privatkunden<\/strong> und <strong>in Deutschland an professionelle und semiprofessionelle Kunden<\/strong> vertrieben werden. Der AIFM ist berechtigt, den Vertrieb des Fonds oder einzelner Anteilsklassen einzustellen.\n<strong>Risikohinweise:<\/strong><br \/>\n<strong>Der FTC Systematic Global Trend kann bis zu 100 v.H. in Veranlagungen gem\u00e4\u00df \u00a7 166 Abs. 1 Z 3 InvFG (Alternative Investments) investieren, die im Vergleich zu traditionellen Anlagen ein erh\u00f6htes Anlagerisiko mit sich bringen. Insbesondere bei diesen Veranlagungen kann es zu einem Verlust bis hin zum Totalausfall des darin veranlagten Kapitals kommen.<br \/>\nAuf Grund der unterschiedlichen Ausgestaltung der einzelnen Anteilsgattungen kann das wirtschaftliche Ergebnis, das der Anleger mit seinem Investment erzielt, variieren, je nachdem, zu welcher Anteilsgattung die von ihm erworbenen Anteile geh\u00f6ren.<\/strong>\n\t\t\t\t\tDownloads\n\t\t\t\t\t\t\t\t\t\t\t<button type=\"button\" id=\"fl-accordion--icon-0\" aria-expanded=\"true\" aria-controls=\"fl-accordion--panel-0\"><i>Collapse<\/i><\/button>\n\t\t\t\t\t<p class='dl-link'><a href='\/docs\/systematic-gt\/de\/Monatsbericht 20260331.pdf'><span class='dl-file'>Monatsbericht<\/span> <span class='dl-date'>(31.03.2026)<\/span><\/a><\/p><p class='dl-link'><a href='\/docs\/systematic-gt\/de\/Halbjahresbericht 20250331.pdf'><span class='dl-file'>Halbjahresbericht<\/span> <span class='dl-date'>(31.03.2025)<\/span><\/a><\/p><p class='dl-link'><a href='\/docs\/systematic-gt\/de\/Fondsprospekt 20241031.pdf'><span class='dl-file'>Fondsprospekt<\/span> <span class='dl-date'>(31.10.2024)<\/span><\/a><\/p><p class='dl-link'><a href='\/docs\/systematic-gt\/de\/Basisinformationsblatt Klasse R 20241031.pdf'><span class='dl-file'>Basisinformationsblatt Klasse R<\/span> <span class='dl-date'>(31.10.2024)<\/span><\/a><\/p><p class='dl-link'><a href='\/docs\/systematic-gt\/de\/Basisinformationsblatt Klasse I USD 20241031.pdf'><span class='dl-file'>Basisinformationsblatt Klasse I USD<\/span> <span class='dl-date'>(31.10.2024)<\/span><\/a><\/p><p class='dl-link'><a href='\/docs\/systematic-gt\/de\/Basisinformationsblatt Klasse I EUR 20241031.pdf'><span class='dl-file'>Basisinformationsblatt Klasse I EUR<\/span> <span class='dl-date'>(31.10.2024)<\/span><\/a><\/p><p class='dl-link'><a href='\/docs\/systematic-gt\/de\/Basisinformationsblatt (Founder Klasse) 20241031.pdf'><span class='dl-file'>Basisinformationsblatt (Founder Klasse)<\/span> <span class='dl-date'>(31.10.2024)<\/span><\/a><\/p>\n\t\t\t\t\t<a role=\"heading\" aria-level=\"2\" tabindex=\"-1\"  id=\"fl-accordion--label-0\">Investment Informationen<\/a>\n\t\t\t\t\t\t\t\t\t\t\t<button type=\"button\" id=\"fl-accordion--icon-0\" aria-expanded=\"true\" aria-controls=\"fl-accordion--panel-0\"><i>Collapse<\/i><\/button>\n\t\t\t\t\t<p><strong>Anteilsklassen (ISIN | Bloomberg-Ticker)<\/strong><\/p>\n<p>EUR-I: AT0000A3EYY6 | FTCSGTI AV<\/p>\n<p>USD-I: AT0000A3EYX8 | FTCSGLI AV<\/p>\n<p>EUR-R: AT0000A3EYZ3 |FTCSGTR AV<\/p>\n<p><strong>Bewertungstage:<\/strong> Letzter Bankarbeitstag jedes Monats<\/p>\n<p>Annahmeschluss f\u00fcr Zeichnungen und R\u00fcckl\u00f6sungen ist jeweils f\u00fcnf Bankarbeitstage vor dem letzten Bankarbeitstag des Monats, 10.00 Uhr (Ortszeit) bei der Verwahrstelle. Der 31. Dezember ist kein Bankarbeitstag in Bezug auf den Fondshandel. Versp\u00e4tet eingehende Orders werden nach dem jeweils n\u00e4chstfolgenden Annahmeschluss durchgef\u00fchrt. Valuta Ausgabe- und R\u00fccknahmetag ist zwei Bankarbeitstage nach dem Bewertungstag.<\/p>\n<strong>Mindestanlagebetr\u00e4ge (Erstanlage\/Folgezeichnung)<\/strong><br \/>\nEUR-I: EUR 250.000,- \/ 10.000,-<br \/>\nUSD-I: USD 250.000,- \/ 10.000,-<br \/>\nEUR-R: EUR keine\n<p>STAMMDATEN<\/p>\n<p>Ertragsverwendung: Thesaurierend<\/p>\n<p>Domizil: \u00d6sterreich<\/p>\n<p>Rechtsform: Alternative Investment Fund (AIF)<\/p>\n<p>KAG\/AIFM: LLB Invest KAG<\/p>\n<p>Depotbank: Liechtensteinische Landesbank \u00d6sterreich AG<\/p>\n<p>Verwahrstelle: Liechtensteinische Landesbank \u00d6sterreich AG<\/p>\n<p>Portfolioverwalter: FTC Capital GmbH<\/p>\n<p>Wirtschaftspr\u00fcfer: BDO Assurance GmbH, Wien<\/p>\n<p>Gr\u00fcndungsdatum: 31.10.2024<\/p>\n<p>Rechnungsw\u00e4hrung : Euro<\/p>\n<p>Aufsichtsbeh\u00f6rde: \u00d6sterreichische Finanzmarktaufsicht (FMA); fma.gv.at<\/p>\n\n","protected":false},"excerpt":{"rendered":"<p>FTC Systematic Global Trend Die Elite f\u00fcr \u00fcberlegene Diversifikation Wenn Aktien und Anleihen sich im Gleichschritt entwickeln, wird klassische Diversifikation zum Risiko. Der FTC Systematic Global Trend, ein Dachfonds aus mehreren Sub-Fonds, setzt genau hier an: Mit Zugang zu den international f\u00fchrenden Trendfolge-Strategien er\u00f6ffnet er eine neue Dimension der Streuung &#8211; unabh\u00e4ngig von anderen Anlageklassen,&hellip;<\/p>\n","protected":false},"author":10,"featured_media":0,"parent":1461,"menu_order":0,"comment_status":"closed","ping_status":"closed","template":"","meta":{"inline_featured_image":false,"footnotes":""},"class_list":["post-2603","page","type-page","status-publish","hentry"],"_links":{"self":[{"href":"https:\/\/ftc-capital.com\/en\/wp-json\/wp\/v2\/pages\/2603","targetHints":{"allow":["GET"]}}],"collection":[{"href":"https:\/\/ftc-capital.com\/en\/wp-json\/wp\/v2\/pages"}],"about":[{"href":"https:\/\/ftc-capital.com\/en\/wp-json\/wp\/v2\/types\/page"}],"author":[{"embeddable":true,"href":"https:\/\/ftc-capital.com\/en\/wp-json\/wp\/v2\/users\/10"}],"replies":[{"embeddable":true,"href":"https:\/\/ftc-capital.com\/en\/wp-json\/wp\/v2\/comments?post=2603"}],"version-history":[{"count":13,"href":"https:\/\/ftc-capital.com\/en\/wp-json\/wp\/v2\/pages\/2603\/revisions"}],"predecessor-version":[{"id":4612,"href":"https:\/\/ftc-capital.com\/en\/wp-json\/wp\/v2\/pages\/2603\/revisions\/4612"}],"up":[{"embeddable":true,"href":"https:\/\/ftc-capital.com\/en\/wp-json\/wp\/v2\/pages\/1461"}],"wp:attachment":[{"href":"https:\/\/ftc-capital.com\/en\/wp-json\/wp\/v2\/media?parent=2603"}],"curies":[{"name":"wp","href":"https:\/\/api.w.org\/{rel}","templated":true}]}}